{"id":721,"date":"2020-11-19T13:53:06","date_gmt":"2020-11-19T13:53:06","guid":{"rendered":"http:\/\/ndschaft.de\/?page_id=721"},"modified":"2020-11-20T21:02:05","modified_gmt":"2020-11-20T21:02:05","slug":"keller-str","status":"publish","type":"page","link":"http:\/\/ndschaft.de\/100-2\/keller-str\/","title":{"rendered":"Keller Str., Haidhausen"},"content":{"rendered":"\n<figure class=\"wp-block-image size-large\"><img decoding=\"async\" width=\"1980\" height=\"806\" src=\"http:\/\/ndschaft.de\/wp-content\/uploads\/2020\/11\/65_160_AN_001.jpg\" alt=\"\" class=\"wp-image-723\" srcset=\"http:\/\/ndschaft.de\/wp-content\/uploads\/2020\/11\/65_160_AN_001.jpg 1980w, http:\/\/ndschaft.de\/wp-content\/uploads\/2020\/11\/65_160_AN_001-300x122.jpg 300w\" sizes=\"(max-width: 706px) 89vw, (max-width: 767px) 82vw, 740px\" \/><\/figure>\n\n\n\n<p>Die Sanierung dieses bauf\u00e4lligen Innenhofes wurde durch den Architekten Andreas Meck initiert, da er sein B\u00fcro in einem Gartenhaus hat. Der Neuentwurf wurde teilweise durch den Stadtrat finanziert. Aufgrund des sehr schattigen Klimas war es dort nicht m\u00f6glich Gras oder Bodengew\u00e4chse zu verwenden. Die Landschaftsgestaltung sah deshalb vor, die Bodengew\u00e4chse zu entfernen, somit mehr Licht in den Hof zu lassen und es so dem Pflaster zu erm\u00f6glichen zu trocknen.<\/p>\n\n\n\n<figure class=\"wp-block-image size-large\"><img decoding=\"async\" width=\"1024\" height=\"576\" src=\"http:\/\/ndschaft.de\/wp-content\/uploads\/2020\/11\/IMG_0041-1-e1605868823215-1024x576.jpg\" alt=\"\" class=\"wp-image-967\" srcset=\"http:\/\/ndschaft.de\/wp-content\/uploads\/2020\/11\/IMG_0041-1-e1605868823215-1024x576.jpg 1024w, http:\/\/ndschaft.de\/wp-content\/uploads\/2020\/11\/IMG_0041-1-e1605868823215-300x169.jpg 300w, http:\/\/ndschaft.de\/wp-content\/uploads\/2020\/11\/IMG_0041-1-e1605868823215-768x432.jpg 768w, http:\/\/ndschaft.de\/wp-content\/uploads\/2020\/11\/IMG_0041-1-e1605868823215-1536x864.jpg 1536w, http:\/\/ndschaft.de\/wp-content\/uploads\/2020\/11\/IMG_0041-1-e1605868823215.jpg 1600w\" sizes=\"(max-width: 706px) 89vw, (max-width: 767px) 82vw, 740px\" \/><\/figure>\n\n\n\n<p>Ein neuer Fahrradstand und ein M\u00fcllhaus wurden unter einem gro\u00dfen Baum gebaut, welche gleichzeitig den Eingang abschirmen und somit einen Schichtschutz vor der Einfahrt bilden. Dies schafft f\u00fcr den Hinterhof eine etwas privatere Atmosph\u00e4re. Statt Gras wurde Kies verwendet, welches einen kompletten Gebrauch des Hofes erm\u00f6glicht.<\/p>\n\n\n\n<div class=\"is-layout-flow wp-block-group\"><div class=\"wp-block-group__inner-container\">\n<div class=\"is-layout-flow wp-block-group\"><div class=\"wp-block-group__inner-container\">\n<figure class=\"is-layout-flex wp-block-gallery-1 wp-block-gallery columns-2 is-cropped\"><ul class=\"blocks-gallery-grid\"><li class=\"blocks-gallery-item\"><figure><img decoding=\"async\" width=\"1080\" height=\"720\" src=\"http:\/\/ndschaft.de\/wp-content\/uploads\/2020\/11\/100_150_AN_0013.jpg\" alt=\"\" data-id=\"730\" data-full-url=\"http:\/\/ndschaft.de\/wp-content\/uploads\/2020\/11\/100_150_AN_0013.jpg\" data-link=\"http:\/\/ndschaft.de\/?attachment_id=730\" class=\"wp-image-730\" srcset=\"http:\/\/ndschaft.de\/wp-content\/uploads\/2020\/11\/100_150_AN_0013.jpg 1080w, http:\/\/ndschaft.de\/wp-content\/uploads\/2020\/11\/100_150_AN_0013-300x200.jpg 300w\" sizes=\"(max-width: 706px) 89vw, (max-width: 767px) 82vw, 740px\" \/><\/figure><\/li><li class=\"blocks-gallery-item\"><figure><img decoding=\"async\" width=\"1080\" height=\"720\" src=\"http:\/\/ndschaft.de\/wp-content\/uploads\/2020\/11\/100_150_AN_0012.jpg\" alt=\"\" data-id=\"729\" data-full-url=\"http:\/\/ndschaft.de\/wp-content\/uploads\/2020\/11\/100_150_AN_0012.jpg\" data-link=\"http:\/\/ndschaft.de\/?attachment_id=729\" class=\"wp-image-729\" srcset=\"http:\/\/ndschaft.de\/wp-content\/uploads\/2020\/11\/100_150_AN_0012.jpg 1080w, http:\/\/ndschaft.de\/wp-content\/uploads\/2020\/11\/100_150_AN_0012-300x200.jpg 300w\" sizes=\"(max-width: 706px) 89vw, (max-width: 767px) 82vw, 740px\" \/><\/figure><\/li><\/ul><\/figure>\n\n\n\n<figure class=\"is-layout-flex wp-block-gallery-3 wp-block-gallery aligncenter columns-2 is-cropped\"><ul class=\"blocks-gallery-grid\"><li class=\"blocks-gallery-item\"><figure><img decoding=\"async\" width=\"1080\" height=\"720\" src=\"http:\/\/ndschaft.de\/wp-content\/uploads\/2020\/11\/100_150_AN_008.jpg\" alt=\"\" data-id=\"727\" data-full-url=\"http:\/\/ndschaft.de\/wp-content\/uploads\/2020\/11\/100_150_AN_008.jpg\" data-link=\"http:\/\/ndschaft.de\/?attachment_id=727\" class=\"wp-image-727\" srcset=\"http:\/\/ndschaft.de\/wp-content\/uploads\/2020\/11\/100_150_AN_008.jpg 1080w, http:\/\/ndschaft.de\/wp-content\/uploads\/2020\/11\/100_150_AN_008-300x200.jpg 300w\" sizes=\"(max-width: 706px) 89vw, (max-width: 767px) 82vw, 740px\" \/><\/figure><\/li><li class=\"blocks-gallery-item\"><figure><img decoding=\"async\" width=\"1080\" height=\"720\" src=\"http:\/\/ndschaft.de\/wp-content\/uploads\/2020\/11\/100_150_AN_009.jpg\" alt=\"\" data-id=\"728\" data-full-url=\"http:\/\/ndschaft.de\/wp-content\/uploads\/2020\/11\/100_150_AN_009.jpg\" data-link=\"http:\/\/ndschaft.de\/?attachment_id=728\" class=\"wp-image-728\" srcset=\"http:\/\/ndschaft.de\/wp-content\/uploads\/2020\/11\/100_150_AN_009.jpg 1080w, http:\/\/ndschaft.de\/wp-content\/uploads\/2020\/11\/100_150_AN_009-300x200.jpg 300w\" sizes=\"(max-width: 706px) 89vw, (max-width: 767px) 82vw, 740px\" \/><\/figure><\/li><li class=\"blocks-gallery-item\"><figure><img decoding=\"async\" width=\"1980\" height=\"806\" src=\"http:\/\/ndschaft.de\/wp-content\/uploads\/2020\/11\/65_160_AN_002.jpg\" alt=\"\" data-id=\"724\" data-full-url=\"http:\/\/ndschaft.de\/wp-content\/uploads\/2020\/11\/65_160_AN_002.jpg\" data-link=\"http:\/\/ndschaft.de\/?attachment_id=724\" class=\"wp-image-724\" srcset=\"http:\/\/ndschaft.de\/wp-content\/uploads\/2020\/11\/65_160_AN_002.jpg 1980w, http:\/\/ndschaft.de\/wp-content\/uploads\/2020\/11\/65_160_AN_002-300x122.jpg 300w\" sizes=\"(max-width: 706px) 89vw, (max-width: 767px) 82vw, 740px\" \/><\/figure><\/li><\/ul><\/figure>\n<\/div><\/div>\n<\/div><\/div>\n\n\n\n<p class=\"has-text-align-left\">Wegen des geringen Unfall Potential des Kieses, ist der Hinterhof spielsicher f\u00fcr Kinder. Tische, St\u00fchle und andere M\u00f6bel haben hier f\u00fcr kleinere Zusammenk\u00fcnfte oder Feiern, ohne Probleme Platz. Anf\u00e4nglich wurde unsere Idee in Frage gestellt, erwies sich nun jedoch, nach Meinung aller Anwohner, als die perfekte L\u00f6sung.<\/p>\n\n\n\n<div class=\"wp-block-image\"><figure class=\"aligncenter size-large\"><img decoding=\"async\" width=\"1080\" height=\"720\" src=\"http:\/\/ndschaft.de\/wp-content\/uploads\/2020\/11\/100_150_AN_007.jpg\" alt=\"\" class=\"wp-image-726\" srcset=\"http:\/\/ndschaft.de\/wp-content\/uploads\/2020\/11\/100_150_AN_007.jpg 1080w, http:\/\/ndschaft.de\/wp-content\/uploads\/2020\/11\/100_150_AN_007-300x200.jpg 300w\" sizes=\"(max-width: 706px) 89vw, (max-width: 767px) 82vw, 740px\" \/><\/figure><\/div>\n","protected":false},"excerpt":{"rendered":"<p>Die Sanierung dieses bauf\u00e4lligen Innenhofes wurde durch den Architekten Andreas Meck initiert, da er sein B\u00fcro in einem Gartenhaus hat. Der Neuentwurf wurde teilweise durch den Stadtrat finanziert. Aufgrund des sehr schattigen Klimas war es dort nicht m\u00f6glich Gras oder Bodengew\u00e4chse zu verwenden. Die Landschaftsgestaltung sah deshalb vor, die Bodengew\u00e4chse zu entfernen, somit mehr Licht &hellip; <\/p>\n<p class=\"link-more\"><a href=\"http:\/\/ndschaft.de\/100-2\/keller-str\/\" class=\"more-link\"><span class=\"screen-reader-text\">\u201eKeller Str., Haidhausen\u201c<\/span> weiterlesen<\/a><\/p>\n","protected":false},"author":1,"featured_media":0,"parent":0,"menu_order":0,"comment_status":"closed","ping_status":"closed","template":"","meta":[],"yoast_head":"<!-- This site is optimized with the Yoast SEO plugin v19.14 - https:\/\/yoast.com\/wordpress\/plugins\/seo\/ -->\n<title>Keller Str., Haidhausen - salm.l@ndschaft<\/title>\n<meta name=\"robots\" content=\"index, follow, max-snippet:-1, max-image-preview:large, max-video-preview:-1\" \/>\n<link rel=\"canonical\" href=\"https:\/\/ndschaft.de\/100-2\/keller-str\/\" \/>\n<meta property=\"og:locale\" content=\"de_DE\" \/>\n<meta property=\"og:type\" content=\"article\" \/>\n<meta property=\"og:title\" content=\"Keller Str., Haidhausen - salm.l@ndschaft\" \/>\n<meta property=\"og:description\" content=\"Die Sanierung dieses bauf\u00e4lligen Innenhofes wurde durch den Architekten Andreas Meck initiert, da er sein B\u00fcro in einem Gartenhaus hat. Der Neuentwurf wurde teilweise durch den Stadtrat finanziert. Aufgrund des sehr schattigen Klimas war es dort nicht m\u00f6glich Gras oder Bodengew\u00e4chse zu verwenden. Die Landschaftsgestaltung sah deshalb vor, die Bodengew\u00e4chse zu entfernen, somit mehr Licht &hellip; \u201eKeller Str., Haidhausen\u201c weiterlesen\" \/>\n<meta property=\"og:url\" content=\"https:\/\/ndschaft.de\/100-2\/keller-str\/\" \/>\n<meta property=\"og:site_name\" content=\"salm.l@ndschaft\" \/>\n<meta property=\"article:publisher\" content=\"https:\/\/www.facebook.com\/Herman.Salm\" \/>\n<meta property=\"article:modified_time\" content=\"2020-11-20T21:02:05+00:00\" \/>\n<meta property=\"og:image\" content=\"http:\/\/ndschaft.de\/wp-content\/uploads\/2020\/11\/65_160_AN_001.jpg\" \/>\n<meta name=\"twitter:card\" content=\"summary_large_image\" \/>\n<meta name=\"twitter:label1\" content=\"Gesch\u00e4tzte Lesezeit\" \/>\n\t<meta name=\"twitter:data1\" content=\"1 Minute\" \/>\n<script type=\"application\/ld+json\" class=\"yoast-schema-graph\">{\"@context\":\"https:\/\/schema.org\",\"@graph\":[{\"@type\":\"WebPage\",\"@id\":\"https:\/\/ndschaft.de\/100-2\/keller-str\/\",\"url\":\"https:\/\/ndschaft.de\/100-2\/keller-str\/\",\"name\":\"Keller Str., Haidhausen - salm.l@ndschaft\",\"isPartOf\":{\"@id\":\"https:\/\/ndschaft.de\/100-2\/#website\"},\"datePublished\":\"2020-11-19T13:53:06+00:00\",\"dateModified\":\"2020-11-20T21:02:05+00:00\",\"breadcrumb\":{\"@id\":\"https:\/\/ndschaft.de\/100-2\/keller-str\/#breadcrumb\"},\"inLanguage\":\"de-DE\",\"potentialAction\":[{\"@type\":\"ReadAction\",\"target\":[\"https:\/\/ndschaft.de\/100-2\/keller-str\/\"]}]},{\"@type\":\"BreadcrumbList\",\"@id\":\"https:\/\/ndschaft.de\/100-2\/keller-str\/#breadcrumb\",\"itemListElement\":[{\"@type\":\"ListItem\",\"position\":1,\"name\":\"Startseite\",\"item\":\"https:\/\/ndschaft.de\/100-2\/\"},{\"@type\":\"ListItem\",\"position\":2,\"name\":\"Keller Str., Haidhausen\"}]},{\"@type\":\"WebSite\",\"@id\":\"https:\/\/ndschaft.de\/100-2\/#website\",\"url\":\"https:\/\/ndschaft.de\/100-2\/\",\"name\":\"salm.l@ndschaft\",\"description\":\"Landschaftsarchitektur und Stadtplanung\",\"publisher\":{\"@id\":\"https:\/\/ndschaft.de\/100-2\/#organization\"},\"potentialAction\":[{\"@type\":\"SearchAction\",\"target\":{\"@type\":\"EntryPoint\",\"urlTemplate\":\"https:\/\/ndschaft.de\/100-2\/?s={search_term_string}\"},\"query-input\":\"required name=search_term_string\"}],\"inLanguage\":\"de-DE\"},{\"@type\":\"Organization\",\"@id\":\"https:\/\/ndschaft.de\/100-2\/#organization\",\"name\":\"salm.l@ndschaft.de\",\"url\":\"https:\/\/ndschaft.de\/100-2\/\",\"logo\":{\"@type\":\"ImageObject\",\"inLanguage\":\"de-DE\",\"@id\":\"https:\/\/ndschaft.de\/100-2\/#\/schema\/logo\/image\/\",\"url\":\"\",\"contentUrl\":\"\",\"caption\":\"salm.l@ndschaft.de\"},\"image\":{\"@id\":\"https:\/\/ndschaft.de\/100-2\/#\/schema\/logo\/image\/\"},\"sameAs\":[\"https:\/\/www.instagram.com\/herman_salm\/?hl=de\",\"https:\/\/www.linkedin.com\/in\/herman-salm-a2796519\",\"https:\/\/www.facebook.com\/Herman.Salm\"]}]}<\/script>\n<!-- \/ Yoast SEO plugin. -->","yoast_head_json":{"title":"Keller Str., Haidhausen - salm.l@ndschaft","robots":{"index":"index","follow":"follow","max-snippet":"max-snippet:-1","max-image-preview":"max-image-preview:large","max-video-preview":"max-video-preview:-1"},"canonical":"https:\/\/ndschaft.de\/100-2\/keller-str\/","og_locale":"de_DE","og_type":"article","og_title":"Keller Str., Haidhausen - salm.l@ndschaft","og_description":"Die Sanierung dieses bauf\u00e4lligen Innenhofes wurde durch den Architekten Andreas Meck initiert, da er sein B\u00fcro in einem Gartenhaus hat. Der Neuentwurf wurde teilweise durch den Stadtrat finanziert. Aufgrund des sehr schattigen Klimas war es dort nicht m\u00f6glich Gras oder Bodengew\u00e4chse zu verwenden. Die Landschaftsgestaltung sah deshalb vor, die Bodengew\u00e4chse zu entfernen, somit mehr Licht &hellip; \u201eKeller Str., Haidhausen\u201c weiterlesen","og_url":"https:\/\/ndschaft.de\/100-2\/keller-str\/","og_site_name":"salm.l@ndschaft","article_publisher":"https:\/\/www.facebook.com\/Herman.Salm","article_modified_time":"2020-11-20T21:02:05+00:00","og_image":[{"url":"http:\/\/ndschaft.de\/wp-content\/uploads\/2020\/11\/65_160_AN_001.jpg"}],"twitter_card":"summary_large_image","twitter_misc":{"Gesch\u00e4tzte Lesezeit":"1 Minute"},"schema":{"@context":"https:\/\/schema.org","@graph":[{"@type":"WebPage","@id":"https:\/\/ndschaft.de\/100-2\/keller-str\/","url":"https:\/\/ndschaft.de\/100-2\/keller-str\/","name":"Keller Str., Haidhausen - salm.l@ndschaft","isPartOf":{"@id":"https:\/\/ndschaft.de\/100-2\/#website"},"datePublished":"2020-11-19T13:53:06+00:00","dateModified":"2020-11-20T21:02:05+00:00","breadcrumb":{"@id":"https:\/\/ndschaft.de\/100-2\/keller-str\/#breadcrumb"},"inLanguage":"de-DE","potentialAction":[{"@type":"ReadAction","target":["https:\/\/ndschaft.de\/100-2\/keller-str\/"]}]},{"@type":"BreadcrumbList","@id":"https:\/\/ndschaft.de\/100-2\/keller-str\/#breadcrumb","itemListElement":[{"@type":"ListItem","position":1,"name":"Startseite","item":"https:\/\/ndschaft.de\/100-2\/"},{"@type":"ListItem","position":2,"name":"Keller Str., Haidhausen"}]},{"@type":"WebSite","@id":"https:\/\/ndschaft.de\/100-2\/#website","url":"https:\/\/ndschaft.de\/100-2\/","name":"salm.l@ndschaft","description":"Landschaftsarchitektur und Stadtplanung","publisher":{"@id":"https:\/\/ndschaft.de\/100-2\/#organization"},"potentialAction":[{"@type":"SearchAction","target":{"@type":"EntryPoint","urlTemplate":"https:\/\/ndschaft.de\/100-2\/?s={search_term_string}"},"query-input":"required name=search_term_string"}],"inLanguage":"de-DE"},{"@type":"Organization","@id":"https:\/\/ndschaft.de\/100-2\/#organization","name":"salm.l@ndschaft.de","url":"https:\/\/ndschaft.de\/100-2\/","logo":{"@type":"ImageObject","inLanguage":"de-DE","@id":"https:\/\/ndschaft.de\/100-2\/#\/schema\/logo\/image\/","url":"","contentUrl":"","caption":"salm.l@ndschaft.de"},"image":{"@id":"https:\/\/ndschaft.de\/100-2\/#\/schema\/logo\/image\/"},"sameAs":["https:\/\/www.instagram.com\/herman_salm\/?hl=de","https:\/\/www.linkedin.com\/in\/herman-salm-a2796519","https:\/\/www.facebook.com\/Herman.Salm"]}]}},"_links":{"self":[{"href":"http:\/\/ndschaft.de\/100-2\/wp-json\/wp\/v2\/pages\/721"}],"collection":[{"href":"http:\/\/ndschaft.de\/100-2\/wp-json\/wp\/v2\/pages"}],"about":[{"href":"http:\/\/ndschaft.de\/100-2\/wp-json\/wp\/v2\/types\/page"}],"author":[{"embeddable":true,"href":"http:\/\/ndschaft.de\/100-2\/wp-json\/wp\/v2\/users\/1"}],"replies":[{"embeddable":true,"href":"http:\/\/ndschaft.de\/100-2\/wp-json\/wp\/v2\/comments?post=721"}],"version-history":[{"count":8,"href":"http:\/\/ndschaft.de\/100-2\/wp-json\/wp\/v2\/pages\/721\/revisions"}],"predecessor-version":[{"id":1094,"href":"http:\/\/ndschaft.de\/100-2\/wp-json\/wp\/v2\/pages\/721\/revisions\/1094"}],"wp:attachment":[{"href":"http:\/\/ndschaft.de\/100-2\/wp-json\/wp\/v2\/media?parent=721"}],"curies":[{"name":"wp","href":"https:\/\/api.w.org\/{rel}","templated":true}]}}