{"id":713,"date":"2020-11-19T13:55:52","date_gmt":"2020-11-19T13:55:52","guid":{"rendered":"http:\/\/ndschaft.de\/?page_id=713"},"modified":"2025-05-15T12:22:45","modified_gmt":"2025-05-15T12:22:45","slug":"muenchen-highlight-towers","status":"publish","type":"page","link":"http:\/\/ndschaft.de\/100-2\/muenchen-highlight-towers\/","title":{"rendered":"M\u00fcnchen Highlight Towers"},"content":{"rendered":"\n<figure class=\"is-layout-flex wp-block-gallery-1 wp-block-gallery aligncenter has-nested-images columns-default is-cropped\">\n<figure class=\"wp-block-image size-large\"><img decoding=\"async\" width=\"1024\" height=\"543\" data-id=\"895\"  src=\"https:\/\/ndschaft.de\/wp-content\/uploads\/2020\/11\/projects_t_05_04-1024x543.jpg\" alt=\"\" class=\"wp-image-895\"\/><\/figure>\n<\/figure>\n\n\n\n<p class=\"has-small-font-size\">Die Highlight Towers im Norden Schwabings setzen mit ihren 126 und 113 Metern hohen T\u00fcrmen markante Akzente im M\u00fcnchener Stadtbild. Die im Jahr 2004 fertiggestellten B\u00fcrot\u00fcrme gelten als exemplarisch f\u00fcr neue Architektur in M\u00fcnchen. Die T\u00fcrme stehen leicht versetzt in der historischen Sichtachse vom Odeonsplatz \u00fcber die Ludwigsstra\u00dfe mit Siegestor nach Norden und bilden einen Blickfang f\u00fcr von Norden kommende Besucher der Stadt.<\/p>\n\n\n\n<p class=\"has-small-font-size\">Zwei Br\u00fccken aus Glas und Stahl verbinden die beiden von den Architekten Helmut Jahn aus Chicago geplanten T\u00fcrme mit 33 und 28 Geschossen. Um die Hochh\u00e4user gliedern sich zwei Flachbauten, in denen ein Hotel und weitere B\u00fcror\u00e4ume untergebracht sind.<\/p>\n\n\n\n<figure class=\"is-layout-flex wp-block-gallery-3 wp-block-gallery aligncenter has-nested-images columns-3 is-cropped\">\n<figure class=\"wp-block-image size-large\"><img decoding=\"async\" width=\"1024\" height=\"680\" data-id=\"901\"  src=\"https:\/\/ndschaft.de\/wp-content\/uploads\/2020\/11\/highlight_towers_04-1024x680.jpg\" alt=\"\" class=\"wp-image-901\" srcset=\"http:\/\/ndschaft.de\/wp-content\/uploads\/2020\/11\/highlight_towers_04-1024x680.jpg 1024w, http:\/\/ndschaft.de\/wp-content\/uploads\/2020\/11\/highlight_towers_04-300x199.jpg 300w, http:\/\/ndschaft.de\/wp-content\/uploads\/2020\/11\/highlight_towers_04-768x510.jpg 768w, http:\/\/ndschaft.de\/wp-content\/uploads\/2020\/11\/highlight_towers_04-1536x1021.jpg 1536w, http:\/\/ndschaft.de\/wp-content\/uploads\/2020\/11\/highlight_towers_04.jpg 2000w\" sizes=\"(max-width: 706px) 89vw, (max-width: 767px) 82vw, 740px\" \/><\/figure>\n\n\n\n<figure class=\"wp-block-image size-large\"><img decoding=\"async\" width=\"1024\" height=\"569\" data-id=\"899\"  src=\"https:\/\/ndschaft.de\/wp-content\/uploads\/2020\/11\/highlight_towers_02-1024x569.jpg\" alt=\"\" class=\"wp-image-899\" srcset=\"http:\/\/ndschaft.de\/wp-content\/uploads\/2020\/11\/highlight_towers_02-1024x569.jpg 1024w, http:\/\/ndschaft.de\/wp-content\/uploads\/2020\/11\/highlight_towers_02-300x167.jpg 300w, http:\/\/ndschaft.de\/wp-content\/uploads\/2020\/11\/highlight_towers_02-768x427.jpg 768w, http:\/\/ndschaft.de\/wp-content\/uploads\/2020\/11\/highlight_towers_02-1536x854.jpg 1536w, http:\/\/ndschaft.de\/wp-content\/uploads\/2020\/11\/highlight_towers_02.jpg 2000w\" sizes=\"(max-width: 706px) 89vw, (max-width: 767px) 82vw, 740px\" \/><\/figure>\n\n\n\n<figure class=\"wp-block-image size-large\"><img decoding=\"async\" width=\"1024\" height=\"680\" data-id=\"898\"  src=\"https:\/\/ndschaft.de\/wp-content\/uploads\/2020\/11\/highlight_towers_01-1024x680.jpg\" alt=\"\" class=\"wp-image-898\" srcset=\"http:\/\/ndschaft.de\/wp-content\/uploads\/2020\/11\/highlight_towers_01-1024x680.jpg 1024w, http:\/\/ndschaft.de\/wp-content\/uploads\/2020\/11\/highlight_towers_01-300x199.jpg 300w, http:\/\/ndschaft.de\/wp-content\/uploads\/2020\/11\/highlight_towers_01-768x510.jpg 768w, http:\/\/ndschaft.de\/wp-content\/uploads\/2020\/11\/highlight_towers_01-1536x1020.jpg 1536w, http:\/\/ndschaft.de\/wp-content\/uploads\/2020\/11\/highlight_towers_01.jpg 2000w\" sizes=\"(max-width: 706px) 89vw, (max-width: 767px) 82vw, 740px\" \/><\/figure>\n\n\n\n<figure class=\"wp-block-image size-large\"><img decoding=\"async\" width=\"1024\" height=\"680\" data-id=\"900\"  src=\"https:\/\/ndschaft.de\/wp-content\/uploads\/2020\/11\/highlight_towers_03-1024x680.jpg\" alt=\"\" class=\"wp-image-900\" srcset=\"http:\/\/ndschaft.de\/wp-content\/uploads\/2020\/11\/highlight_towers_03-1024x680.jpg 1024w, http:\/\/ndschaft.de\/wp-content\/uploads\/2020\/11\/highlight_towers_03-300x199.jpg 300w, http:\/\/ndschaft.de\/wp-content\/uploads\/2020\/11\/highlight_towers_03-768x510.jpg 768w, http:\/\/ndschaft.de\/wp-content\/uploads\/2020\/11\/highlight_towers_03-1536x1021.jpg 1536w, http:\/\/ndschaft.de\/wp-content\/uploads\/2020\/11\/highlight_towers_03.jpg 2000w\" sizes=\"(max-width: 706px) 89vw, (max-width: 767px) 82vw, 740px\" \/><\/figure>\n<\/figure>\n\n\n\n<p class=\"has-small-font-size\">Als Kontrast zur filigranen gl\u00e4sernen Architektur bilden die Au\u00dfenanlagen unterschiedliche Zonen mit verschiedenen Aufenthaltsqualit\u00e4ten und spielen sowohl mit der Linearit\u00e4t der Geb\u00e4ude als auch mit kontrastierenden Elementen wie Kreis und Bogenformen. Unterschiedliche Kreise und Streifen beziehen sich auf die Kanten und Raumgef\u00fcge der Geb\u00e4ude und betonen einzelne Schwerpunkte. Im Belag aus hellem und dunklem Granitstein werden konzentrische Kreise \u00adnachgezeichnet. Der gr\u00f6\u00dfte davon befindet sich im Haupteingangsbereich zwischen den beiden T\u00fcrmen und wird zum Blickpunkt des Haupteingangs.<\/p>\n\n\n\n<p class=\"has-small-font-size\">Zwischen den Geb\u00e4uden gliedern zahlreiche H\u00fcgel in Kreisform den Garten. Die H\u00fcgel sind locker mit Kiefern und Birken bepflanzt. Als Element, das die Linearit\u00e4t und Schr\u00e4gen des Geb\u00e4udes aufnimmt, durchziehen unterschiedliche Streifen als B\u00e4nke Fahrradst\u00e4nder und Heckenb\u00e4nder das Gebiet.<\/p>\n\n\n\n<p class=\"has-small-font-size\">Der Garten des Hochhausensembles zeichnet sich insgesamt als ein Garten mit durchg\u00e4ngiger Gestaltsprache und unterschiedlichen kleinteiligen Bereichen aus, die dem Besucher des Gartens ein Gef\u00fchl von angenehmen menschlichen Proportionen neben den hohen T\u00fcrmen vermittelt, so dass er von den Nutzern gerne und intensiv angenommen wird.<\/p>\n\n\n\n<p class=\"has-small-font-size\"><strong>Bauherr:<\/strong> B\u00fcrozentrum Parkstadt-Schwabing KG<\/p>\n\n\n\n<p class=\"has-small-font-size\"><strong>Baugebiet:<\/strong> 3,9 ha<br><strong>Arbeitsgemeinschaft<\/strong>:&nbsp;&nbsp;<br>Peter Walker und Partner<br>Rainer Schmidt<br>Herman Salm<\/p>\n\n\n\n<p class=\"has-small-font-size\"><strong>Architekten:<\/strong> Murphy\/Jahn Inc., Chicago<\/p>\n\n\n\n<p class=\"has-small-font-size\"><strong>Baubeginn: Mai<\/strong> 2002 Bezug: Ende 2004<br><strong>Herman Salm \u2013 Landschaftsarchitekt (LP5-8)<\/strong><\/p>\n\n\n\n<p><a href=\"https:\/\/highlight-towers.de\/\">Highlight Towers M\u00fcnchen \u2013 Moderne B\u00fcros mit Top-Lage<\/a><\/p>\n\n\n\n<p><\/p>\n","protected":false},"excerpt":{"rendered":"<p>Die Highlight Towers im Norden Schwabings setzen mit ihren 126 und 113 Metern hohen T\u00fcrmen markante Akzente im M\u00fcnchener Stadtbild. Die im Jahr 2004 fertiggestellten B\u00fcrot\u00fcrme gelten als exemplarisch f\u00fcr neue Architektur in M\u00fcnchen. Die T\u00fcrme stehen leicht versetzt in der historischen Sichtachse vom Odeonsplatz \u00fcber die Ludwigsstra\u00dfe mit Siegestor nach Norden und bilden einen &hellip; <\/p>\n<p class=\"link-more\"><a href=\"http:\/\/ndschaft.de\/100-2\/muenchen-highlight-towers\/\" class=\"more-link\"><span class=\"screen-reader-text\">\u201eM\u00fcnchen Highlight Towers\u201c<\/span> weiterlesen<\/a><\/p>\n","protected":false},"author":1,"featured_media":0,"parent":0,"menu_order":0,"comment_status":"closed","ping_status":"closed","template":"","meta":[],"yoast_head":"<!-- This site is optimized with the Yoast SEO plugin v19.14 - https:\/\/yoast.com\/wordpress\/plugins\/seo\/ -->\n<title>M\u00fcnchen Highlight Towers - salm.l@ndschaft<\/title>\n<meta name=\"robots\" content=\"index, follow, max-snippet:-1, max-image-preview:large, max-video-preview:-1\" \/>\n<link rel=\"canonical\" href=\"http:\/\/ndschaft.de\/100-2\/muenchen-highlight-towers\/\" \/>\n<meta property=\"og:locale\" content=\"de_DE\" \/>\n<meta property=\"og:type\" content=\"article\" \/>\n<meta property=\"og:title\" content=\"M\u00fcnchen Highlight Towers - salm.l@ndschaft\" \/>\n<meta property=\"og:description\" content=\"Die Highlight Towers im Norden Schwabings setzen mit ihren 126 und 113 Metern hohen T\u00fcrmen markante Akzente im M\u00fcnchener Stadtbild. Die im Jahr 2004 fertiggestellten B\u00fcrot\u00fcrme gelten als exemplarisch f\u00fcr neue Architektur in M\u00fcnchen. Die T\u00fcrme stehen leicht versetzt in der historischen Sichtachse vom Odeonsplatz \u00fcber die Ludwigsstra\u00dfe mit Siegestor nach Norden und bilden einen &hellip; \u201eM\u00fcnchen Highlight Towers\u201c weiterlesen\" \/>\n<meta property=\"og:url\" content=\"http:\/\/ndschaft.de\/100-2\/muenchen-highlight-towers\/\" \/>\n<meta property=\"og:site_name\" content=\"salm.l@ndschaft\" \/>\n<meta property=\"article:publisher\" content=\"https:\/\/www.facebook.com\/Herman.Salm\" \/>\n<meta property=\"article:modified_time\" content=\"2025-05-15T12:22:45+00:00\" \/>\n<meta property=\"og:image\" content=\"https:\/\/ndschaft.de\/wp-content\/uploads\/2020\/11\/projects_t_05_04-1024x543.jpg\" \/>\n<meta name=\"twitter:card\" content=\"summary_large_image\" \/>\n<meta name=\"twitter:label1\" content=\"Gesch\u00e4tzte Lesezeit\" \/>\n\t<meta name=\"twitter:data1\" content=\"3 Minuten\" \/>\n<script type=\"application\/ld+json\" class=\"yoast-schema-graph\">{\"@context\":\"https:\/\/schema.org\",\"@graph\":[{\"@type\":\"WebPage\",\"@id\":\"http:\/\/ndschaft.de\/100-2\/muenchen-highlight-towers\/\",\"url\":\"http:\/\/ndschaft.de\/100-2\/muenchen-highlight-towers\/\",\"name\":\"M\u00fcnchen Highlight Towers - salm.l@ndschaft\",\"isPartOf\":{\"@id\":\"http:\/\/ndschaft.de\/100-2\/#website\"},\"datePublished\":\"2020-11-19T13:55:52+00:00\",\"dateModified\":\"2025-05-15T12:22:45+00:00\",\"breadcrumb\":{\"@id\":\"http:\/\/ndschaft.de\/100-2\/muenchen-highlight-towers\/#breadcrumb\"},\"inLanguage\":\"de-DE\",\"potentialAction\":[{\"@type\":\"ReadAction\",\"target\":[\"http:\/\/ndschaft.de\/100-2\/muenchen-highlight-towers\/\"]}]},{\"@type\":\"BreadcrumbList\",\"@id\":\"http:\/\/ndschaft.de\/100-2\/muenchen-highlight-towers\/#breadcrumb\",\"itemListElement\":[{\"@type\":\"ListItem\",\"position\":1,\"name\":\"Startseite\",\"item\":\"http:\/\/ndschaft.de\/100-2\/\"},{\"@type\":\"ListItem\",\"position\":2,\"name\":\"M\u00fcnchen Highlight Towers\"}]},{\"@type\":\"WebSite\",\"@id\":\"http:\/\/ndschaft.de\/100-2\/#website\",\"url\":\"http:\/\/ndschaft.de\/100-2\/\",\"name\":\"salm.l@ndschaft\",\"description\":\"Landschaftsarchitektur und Stadtplanung\",\"publisher\":{\"@id\":\"http:\/\/ndschaft.de\/100-2\/#organization\"},\"potentialAction\":[{\"@type\":\"SearchAction\",\"target\":{\"@type\":\"EntryPoint\",\"urlTemplate\":\"http:\/\/ndschaft.de\/100-2\/?s={search_term_string}\"},\"query-input\":\"required name=search_term_string\"}],\"inLanguage\":\"de-DE\"},{\"@type\":\"Organization\",\"@id\":\"http:\/\/ndschaft.de\/100-2\/#organization\",\"name\":\"salm.l@ndschaft.de\",\"url\":\"http:\/\/ndschaft.de\/100-2\/\",\"logo\":{\"@type\":\"ImageObject\",\"inLanguage\":\"de-DE\",\"@id\":\"http:\/\/ndschaft.de\/100-2\/#\/schema\/logo\/image\/\",\"url\":\"\",\"contentUrl\":\"\",\"caption\":\"salm.l@ndschaft.de\"},\"image\":{\"@id\":\"http:\/\/ndschaft.de\/100-2\/#\/schema\/logo\/image\/\"},\"sameAs\":[\"https:\/\/www.instagram.com\/herman_salm\/?hl=de\",\"https:\/\/www.linkedin.com\/in\/herman-salm-a2796519\",\"https:\/\/www.facebook.com\/Herman.Salm\"]}]}<\/script>\n<!-- \/ Yoast SEO plugin. -->","yoast_head_json":{"title":"M\u00fcnchen Highlight Towers - salm.l@ndschaft","robots":{"index":"index","follow":"follow","max-snippet":"max-snippet:-1","max-image-preview":"max-image-preview:large","max-video-preview":"max-video-preview:-1"},"canonical":"http:\/\/ndschaft.de\/100-2\/muenchen-highlight-towers\/","og_locale":"de_DE","og_type":"article","og_title":"M\u00fcnchen Highlight Towers - salm.l@ndschaft","og_description":"Die Highlight Towers im Norden Schwabings setzen mit ihren 126 und 113 Metern hohen T\u00fcrmen markante Akzente im M\u00fcnchener Stadtbild. Die im Jahr 2004 fertiggestellten B\u00fcrot\u00fcrme gelten als exemplarisch f\u00fcr neue Architektur in M\u00fcnchen. Die T\u00fcrme stehen leicht versetzt in der historischen Sichtachse vom Odeonsplatz \u00fcber die Ludwigsstra\u00dfe mit Siegestor nach Norden und bilden einen &hellip; \u201eM\u00fcnchen Highlight Towers\u201c weiterlesen","og_url":"http:\/\/ndschaft.de\/100-2\/muenchen-highlight-towers\/","og_site_name":"salm.l@ndschaft","article_publisher":"https:\/\/www.facebook.com\/Herman.Salm","article_modified_time":"2025-05-15T12:22:45+00:00","og_image":[{"url":"https:\/\/ndschaft.de\/wp-content\/uploads\/2020\/11\/projects_t_05_04-1024x543.jpg"}],"twitter_card":"summary_large_image","twitter_misc":{"Gesch\u00e4tzte Lesezeit":"3 Minuten"},"schema":{"@context":"https:\/\/schema.org","@graph":[{"@type":"WebPage","@id":"http:\/\/ndschaft.de\/100-2\/muenchen-highlight-towers\/","url":"http:\/\/ndschaft.de\/100-2\/muenchen-highlight-towers\/","name":"M\u00fcnchen Highlight Towers - salm.l@ndschaft","isPartOf":{"@id":"http:\/\/ndschaft.de\/100-2\/#website"},"datePublished":"2020-11-19T13:55:52+00:00","dateModified":"2025-05-15T12:22:45+00:00","breadcrumb":{"@id":"http:\/\/ndschaft.de\/100-2\/muenchen-highlight-towers\/#breadcrumb"},"inLanguage":"de-DE","potentialAction":[{"@type":"ReadAction","target":["http:\/\/ndschaft.de\/100-2\/muenchen-highlight-towers\/"]}]},{"@type":"BreadcrumbList","@id":"http:\/\/ndschaft.de\/100-2\/muenchen-highlight-towers\/#breadcrumb","itemListElement":[{"@type":"ListItem","position":1,"name":"Startseite","item":"http:\/\/ndschaft.de\/100-2\/"},{"@type":"ListItem","position":2,"name":"M\u00fcnchen Highlight Towers"}]},{"@type":"WebSite","@id":"http:\/\/ndschaft.de\/100-2\/#website","url":"http:\/\/ndschaft.de\/100-2\/","name":"salm.l@ndschaft","description":"Landschaftsarchitektur und Stadtplanung","publisher":{"@id":"http:\/\/ndschaft.de\/100-2\/#organization"},"potentialAction":[{"@type":"SearchAction","target":{"@type":"EntryPoint","urlTemplate":"http:\/\/ndschaft.de\/100-2\/?s={search_term_string}"},"query-input":"required name=search_term_string"}],"inLanguage":"de-DE"},{"@type":"Organization","@id":"http:\/\/ndschaft.de\/100-2\/#organization","name":"salm.l@ndschaft.de","url":"http:\/\/ndschaft.de\/100-2\/","logo":{"@type":"ImageObject","inLanguage":"de-DE","@id":"http:\/\/ndschaft.de\/100-2\/#\/schema\/logo\/image\/","url":"","contentUrl":"","caption":"salm.l@ndschaft.de"},"image":{"@id":"http:\/\/ndschaft.de\/100-2\/#\/schema\/logo\/image\/"},"sameAs":["https:\/\/www.instagram.com\/herman_salm\/?hl=de","https:\/\/www.linkedin.com\/in\/herman-salm-a2796519","https:\/\/www.facebook.com\/Herman.Salm"]}]}},"_links":{"self":[{"href":"http:\/\/ndschaft.de\/100-2\/wp-json\/wp\/v2\/pages\/713"}],"collection":[{"href":"http:\/\/ndschaft.de\/100-2\/wp-json\/wp\/v2\/pages"}],"about":[{"href":"http:\/\/ndschaft.de\/100-2\/wp-json\/wp\/v2\/types\/page"}],"author":[{"embeddable":true,"href":"http:\/\/ndschaft.de\/100-2\/wp-json\/wp\/v2\/users\/1"}],"replies":[{"embeddable":true,"href":"http:\/\/ndschaft.de\/100-2\/wp-json\/wp\/v2\/comments?post=713"}],"version-history":[{"count":10,"href":"http:\/\/ndschaft.de\/100-2\/wp-json\/wp\/v2\/pages\/713\/revisions"}],"predecessor-version":[{"id":1291,"href":"http:\/\/ndschaft.de\/100-2\/wp-json\/wp\/v2\/pages\/713\/revisions\/1291"}],"wp:attachment":[{"href":"http:\/\/ndschaft.de\/100-2\/wp-json\/wp\/v2\/media?parent=713"}],"curies":[{"name":"wp","href":"https:\/\/api.w.org\/{rel}","templated":true}]}}