{"id":709,"date":"2020-11-19T15:32:43","date_gmt":"2020-11-19T15:32:43","guid":{"rendered":"http:\/\/ndschaft.de\/?page_id=709"},"modified":"2020-11-20T21:00:58","modified_gmt":"2020-11-20T21:00:58","slug":"akademie-schloss-hohenkammer","status":"publish","type":"page","link":"http:\/\/ndschaft.de\/100-2\/akademie-schloss-hohenkammer\/","title":{"rendered":"Akademie Schloss Hohenkammer"},"content":{"rendered":"\n<figure class=\"wp-block-image size-large\"><img decoding=\"async\" width=\"1980\" height=\"806\" src=\"http:\/\/ndschaft.de\/wp-content\/uploads\/2020\/11\/65_160_AL_003.jpg\" alt=\"\" class=\"wp-image-979\" srcset=\"http:\/\/ndschaft.de\/wp-content\/uploads\/2020\/11\/65_160_AL_003.jpg 1980w, http:\/\/ndschaft.de\/wp-content\/uploads\/2020\/11\/65_160_AL_003-300x122.jpg 300w\" sizes=\"(max-width: 706px) 89vw, (max-width: 767px) 82vw, 740px\" \/><\/figure>\n\n\n\n<p class=\"has-small-font-size\">Die Deutsche Genossenschaft Bank nutzte dieses Schloss und seine nebenstehenden Geb\u00e4ude als Trainings- und Fortbildung Zentrum.<br><br>Die Einrichtung war zum damaligen Zeitpunkt nicht mehr auf dem neuesten Stand und es wurde ein hohes Potential durch erh\u00f6hte Nachfrage gesehen.<br><br>Da wir zuvor bereits die Rekonstruktion des Burggrabens gestaltet und beaufsichtigt haben, wurden wir gebeten die Landschaftsgestaltung, mit den Architekten Braun und Partner, zu \u00fcbernehmen.<br><br>Nachforschungen zur Vergangenheit des Schlosses wurden eingeleitet. Zus\u00e4tzliche Funktionen, wie der Einbau eines erstklassigen Restaurants, erweiterte Funktionen der einzelnen R\u00e4umlichkeiten und verbesserte Hotelr\u00e4ume, sowie Apartments, wurden integriert.<\/p>\n\n\n\n<figure class=\"wp-block-image size-large\"><img decoding=\"async\" width=\"1980\" height=\"1116\" src=\"http:\/\/ndschaft.de\/wp-content\/uploads\/2020\/11\/90_160_AL_002.jpg\" alt=\"\" class=\"wp-image-753\" srcset=\"http:\/\/ndschaft.de\/wp-content\/uploads\/2020\/11\/90_160_AL_002.jpg 1980w, http:\/\/ndschaft.de\/wp-content\/uploads\/2020\/11\/90_160_AL_002-300x169.jpg 300w\" sizes=\"(max-width: 706px) 89vw, (max-width: 767px) 82vw, 740px\" \/><\/figure>\n\n\n\n<figure class=\"is-layout-flex wp-block-gallery-1 wp-block-gallery columns-1 is-cropped\"><ul class=\"blocks-gallery-grid\"><li class=\"blocks-gallery-item\"><figure><img decoding=\"async\" width=\"1980\" height=\"1321\" src=\"http:\/\/ndschaft.de\/wp-content\/uploads\/2020\/11\/100_150_AL_006.jpg\" alt=\"\" data-id=\"756\" data-full-url=\"http:\/\/ndschaft.de\/wp-content\/uploads\/2020\/11\/100_150_AL_006.jpg\" data-link=\"http:\/\/ndschaft.de\/?attachment_id=756\" class=\"wp-image-756\" srcset=\"http:\/\/ndschaft.de\/wp-content\/uploads\/2020\/11\/100_150_AL_006.jpg 1980w, http:\/\/ndschaft.de\/wp-content\/uploads\/2020\/11\/100_150_AL_006-300x200.jpg 300w\" sizes=\"(max-width: 706px) 89vw, (max-width: 767px) 82vw, 740px\" \/><\/figure><\/li><li class=\"blocks-gallery-item\"><figure><img decoding=\"async\" width=\"1980\" height=\"1114\" src=\"http:\/\/ndschaft.de\/wp-content\/uploads\/2020\/11\/90_160_AL_003.jpg\" alt=\"\" data-id=\"754\" data-full-url=\"http:\/\/ndschaft.de\/wp-content\/uploads\/2020\/11\/90_160_AL_003.jpg\" data-link=\"http:\/\/ndschaft.de\/?attachment_id=754\" class=\"wp-image-754\" srcset=\"http:\/\/ndschaft.de\/wp-content\/uploads\/2020\/11\/90_160_AL_003.jpg 1980w, http:\/\/ndschaft.de\/wp-content\/uploads\/2020\/11\/90_160_AL_003-300x169.jpg 300w\" sizes=\"(max-width: 706px) 89vw, (max-width: 767px) 82vw, 740px\" \/><\/figure><\/li><li class=\"blocks-gallery-item\"><figure><img decoding=\"async\" width=\"1980\" height=\"1319\" src=\"http:\/\/ndschaft.de\/wp-content\/uploads\/2020\/11\/100_150_AL_005.jpg\" alt=\"\" data-id=\"755\" data-full-url=\"http:\/\/ndschaft.de\/wp-content\/uploads\/2020\/11\/100_150_AL_005.jpg\" data-link=\"http:\/\/ndschaft.de\/?attachment_id=755\" class=\"wp-image-755\" srcset=\"http:\/\/ndschaft.de\/wp-content\/uploads\/2020\/11\/100_150_AL_005.jpg 1980w, http:\/\/ndschaft.de\/wp-content\/uploads\/2020\/11\/100_150_AL_005-300x200.jpg 300w\" sizes=\"(max-width: 706px) 89vw, (max-width: 767px) 82vw, 740px\" \/><\/figure><\/li><li class=\"blocks-gallery-item\"><figure><img decoding=\"async\" width=\"1980\" height=\"806\" src=\"http:\/\/ndschaft.de\/wp-content\/uploads\/2020\/11\/65_160_AL_005.jpg\" alt=\"\" data-id=\"759\" data-full-url=\"http:\/\/ndschaft.de\/wp-content\/uploads\/2020\/11\/65_160_AL_005.jpg\" data-link=\"http:\/\/ndschaft.de\/?attachment_id=759\" class=\"wp-image-759\" srcset=\"http:\/\/ndschaft.de\/wp-content\/uploads\/2020\/11\/65_160_AL_005.jpg 1980w, http:\/\/ndschaft.de\/wp-content\/uploads\/2020\/11\/65_160_AL_005-300x122.jpg 300w\" sizes=\"(max-width: 706px) 89vw, (max-width: 767px) 82vw, 740px\" \/><\/figure><\/li><li class=\"blocks-gallery-item\"><figure><img decoding=\"async\" width=\"1980\" height=\"806\" src=\"http:\/\/ndschaft.de\/wp-content\/uploads\/2020\/11\/65_160_AL_004.jpg\" alt=\"\" data-id=\"758\" data-full-url=\"http:\/\/ndschaft.de\/wp-content\/uploads\/2020\/11\/65_160_AL_004.jpg\" data-link=\"http:\/\/ndschaft.de\/?attachment_id=758\" class=\"wp-image-758\" srcset=\"http:\/\/ndschaft.de\/wp-content\/uploads\/2020\/11\/65_160_AL_004.jpg 1980w, http:\/\/ndschaft.de\/wp-content\/uploads\/2020\/11\/65_160_AL_004-300x122.jpg 300w\" sizes=\"(max-width: 706px) 89vw, (max-width: 767px) 82vw, 740px\" \/><\/figure><\/li><li class=\"blocks-gallery-item\"><figure><img decoding=\"async\" width=\"1980\" height=\"1115\" src=\"http:\/\/ndschaft.de\/wp-content\/uploads\/2020\/11\/90_160_AL_001.jpg\" alt=\"\" data-id=\"752\" data-full-url=\"http:\/\/ndschaft.de\/wp-content\/uploads\/2020\/11\/90_160_AL_001.jpg\" data-link=\"http:\/\/ndschaft.de\/?attachment_id=752\" class=\"wp-image-752\" srcset=\"http:\/\/ndschaft.de\/wp-content\/uploads\/2020\/11\/90_160_AL_001.jpg 1980w, http:\/\/ndschaft.de\/wp-content\/uploads\/2020\/11\/90_160_AL_001-300x169.jpg 300w\" sizes=\"(max-width: 706px) 89vw, (max-width: 767px) 82vw, 740px\" \/><\/figure><\/li><\/ul><\/figure>\n\n\n\n<p class=\"has-small-font-size\">Es wurde dar\u00fcber hinaus beschlossen eine Scheune f\u00fcr Landwirtschaftlichemaschienen, vom zentralen Hof, auf die R\u00fcckseite des Restaurants, zu verlagern und einen traditionellen Biergarten, den einzigen innerhalb der n\u00e4chsten 10 Kilometer, zu schaffen. Dies erwies sich als ein gro\u00dfer Erfolg und hat mehr Leben in die sanierten Anlagen gebracht.<br><br>Der zentrale Hof war offen und mit nur einer simplen Hecke und zwei roten Kastanienb\u00e4umen, karg gehalten. Dies hat es dem fr\u00fcheren Hofgeb\u00e4ude erm\u00f6glicht ein starkes Gef\u00fchl von Weite zu vermitteln und der Zwiebelturm konnte gleichzeitig Dominanz vermitteln.<br><br>Ein Weg aus gro\u00dfen Granitplatten leitet die Besucher zum Haupteingang und dem Restaurant. Bei Nacht werden die Wege von linearen LED Leuchten begleitet und geben den G\u00e4sten somit Orientierungshilfe.<\/p>\n\n\n\n<p class=\"has-small-font-size\"><strong>Architekt: <\/strong>Michael Braun und Partner<br><strong>Auftraggeber:<\/strong> DG Bank M\u00fcnchen<br><strong>Baugebiet<\/strong>: 20.500 m\u00b2<br><strong>Planungs- \/Bauzeitrau<\/strong>m: 2002-2002<br><strong>Standort:<\/strong> Hohenkammer, Deutschland<\/p>\n","protected":false},"excerpt":{"rendered":"<p>Die Deutsche Genossenschaft Bank nutzte dieses Schloss und seine nebenstehenden Geb\u00e4ude als Trainings- und Fortbildung Zentrum. Die Einrichtung war zum damaligen Zeitpunkt nicht mehr auf dem neuesten Stand und es wurde ein hohes Potential durch erh\u00f6hte Nachfrage gesehen. Da wir zuvor bereits die Rekonstruktion des Burggrabens gestaltet und beaufsichtigt haben, wurden wir gebeten die Landschaftsgestaltung, &hellip; <\/p>\n<p class=\"link-more\"><a href=\"http:\/\/ndschaft.de\/100-2\/akademie-schloss-hohenkammer\/\" class=\"more-link\"><span class=\"screen-reader-text\">\u201eAkademie Schloss Hohenkammer\u201c<\/span> weiterlesen<\/a><\/p>\n","protected":false},"author":1,"featured_media":0,"parent":0,"menu_order":0,"comment_status":"closed","ping_status":"closed","template":"","meta":[],"yoast_head":"<!-- This site is optimized with the Yoast SEO plugin v19.14 - https:\/\/yoast.com\/wordpress\/plugins\/seo\/ -->\n<title>Akademie Schloss Hohenkammer - salm.l@ndschaft<\/title>\n<meta name=\"robots\" content=\"index, follow, max-snippet:-1, max-image-preview:large, max-video-preview:-1\" \/>\n<link rel=\"canonical\" href=\"http:\/\/ndschaft.de\/100-2\/akademie-schloss-hohenkammer\/\" \/>\n<meta property=\"og:locale\" content=\"de_DE\" \/>\n<meta property=\"og:type\" content=\"article\" \/>\n<meta property=\"og:title\" content=\"Akademie Schloss Hohenkammer - salm.l@ndschaft\" \/>\n<meta property=\"og:description\" content=\"Die Deutsche Genossenschaft Bank nutzte dieses Schloss und seine nebenstehenden Geb\u00e4ude als Trainings- und Fortbildung Zentrum. Die Einrichtung war zum damaligen Zeitpunkt nicht mehr auf dem neuesten Stand und es wurde ein hohes Potential durch erh\u00f6hte Nachfrage gesehen. Da wir zuvor bereits die Rekonstruktion des Burggrabens gestaltet und beaufsichtigt haben, wurden wir gebeten die Landschaftsgestaltung, &hellip; \u201eAkademie Schloss Hohenkammer\u201c weiterlesen\" \/>\n<meta property=\"og:url\" content=\"http:\/\/ndschaft.de\/100-2\/akademie-schloss-hohenkammer\/\" \/>\n<meta property=\"og:site_name\" content=\"salm.l@ndschaft\" \/>\n<meta property=\"article:publisher\" content=\"https:\/\/www.facebook.com\/Herman.Salm\" \/>\n<meta property=\"article:modified_time\" content=\"2020-11-20T21:00:58+00:00\" \/>\n<meta property=\"og:image\" content=\"http:\/\/ndschaft.de\/wp-content\/uploads\/2020\/11\/65_160_AL_003.jpg\" \/>\n<meta name=\"twitter:card\" content=\"summary_large_image\" \/>\n<meta name=\"twitter:label1\" content=\"Gesch\u00e4tzte Lesezeit\" \/>\n\t<meta name=\"twitter:data1\" content=\"1 Minute\" \/>\n<script type=\"application\/ld+json\" class=\"yoast-schema-graph\">{\"@context\":\"https:\/\/schema.org\",\"@graph\":[{\"@type\":\"WebPage\",\"@id\":\"http:\/\/ndschaft.de\/100-2\/akademie-schloss-hohenkammer\/\",\"url\":\"http:\/\/ndschaft.de\/100-2\/akademie-schloss-hohenkammer\/\",\"name\":\"Akademie Schloss Hohenkammer - salm.l@ndschaft\",\"isPartOf\":{\"@id\":\"https:\/\/ndschaft.de\/100-2\/#website\"},\"datePublished\":\"2020-11-19T15:32:43+00:00\",\"dateModified\":\"2020-11-20T21:00:58+00:00\",\"breadcrumb\":{\"@id\":\"http:\/\/ndschaft.de\/100-2\/akademie-schloss-hohenkammer\/#breadcrumb\"},\"inLanguage\":\"de-DE\",\"potentialAction\":[{\"@type\":\"ReadAction\",\"target\":[\"http:\/\/ndschaft.de\/100-2\/akademie-schloss-hohenkammer\/\"]}]},{\"@type\":\"BreadcrumbList\",\"@id\":\"http:\/\/ndschaft.de\/100-2\/akademie-schloss-hohenkammer\/#breadcrumb\",\"itemListElement\":[{\"@type\":\"ListItem\",\"position\":1,\"name\":\"Startseite\",\"item\":\"https:\/\/ndschaft.de\/100-2\/\"},{\"@type\":\"ListItem\",\"position\":2,\"name\":\"Akademie Schloss Hohenkammer\"}]},{\"@type\":\"WebSite\",\"@id\":\"https:\/\/ndschaft.de\/100-2\/#website\",\"url\":\"https:\/\/ndschaft.de\/100-2\/\",\"name\":\"salm.l@ndschaft\",\"description\":\"Landschaftsarchitektur und Stadtplanung\",\"publisher\":{\"@id\":\"https:\/\/ndschaft.de\/100-2\/#organization\"},\"potentialAction\":[{\"@type\":\"SearchAction\",\"target\":{\"@type\":\"EntryPoint\",\"urlTemplate\":\"https:\/\/ndschaft.de\/100-2\/?s={search_term_string}\"},\"query-input\":\"required name=search_term_string\"}],\"inLanguage\":\"de-DE\"},{\"@type\":\"Organization\",\"@id\":\"https:\/\/ndschaft.de\/100-2\/#organization\",\"name\":\"salm.l@ndschaft.de\",\"url\":\"https:\/\/ndschaft.de\/100-2\/\",\"logo\":{\"@type\":\"ImageObject\",\"inLanguage\":\"de-DE\",\"@id\":\"https:\/\/ndschaft.de\/100-2\/#\/schema\/logo\/image\/\",\"url\":\"\",\"contentUrl\":\"\",\"caption\":\"salm.l@ndschaft.de\"},\"image\":{\"@id\":\"https:\/\/ndschaft.de\/100-2\/#\/schema\/logo\/image\/\"},\"sameAs\":[\"https:\/\/www.instagram.com\/herman_salm\/?hl=de\",\"https:\/\/www.linkedin.com\/in\/herman-salm-a2796519\",\"https:\/\/www.facebook.com\/Herman.Salm\"]}]}<\/script>\n<!-- \/ Yoast SEO plugin. -->","yoast_head_json":{"title":"Akademie Schloss Hohenkammer - salm.l@ndschaft","robots":{"index":"index","follow":"follow","max-snippet":"max-snippet:-1","max-image-preview":"max-image-preview:large","max-video-preview":"max-video-preview:-1"},"canonical":"http:\/\/ndschaft.de\/100-2\/akademie-schloss-hohenkammer\/","og_locale":"de_DE","og_type":"article","og_title":"Akademie Schloss Hohenkammer - salm.l@ndschaft","og_description":"Die Deutsche Genossenschaft Bank nutzte dieses Schloss und seine nebenstehenden Geb\u00e4ude als Trainings- und Fortbildung Zentrum. Die Einrichtung war zum damaligen Zeitpunkt nicht mehr auf dem neuesten Stand und es wurde ein hohes Potential durch erh\u00f6hte Nachfrage gesehen. Da wir zuvor bereits die Rekonstruktion des Burggrabens gestaltet und beaufsichtigt haben, wurden wir gebeten die Landschaftsgestaltung, &hellip; \u201eAkademie Schloss Hohenkammer\u201c weiterlesen","og_url":"http:\/\/ndschaft.de\/100-2\/akademie-schloss-hohenkammer\/","og_site_name":"salm.l@ndschaft","article_publisher":"https:\/\/www.facebook.com\/Herman.Salm","article_modified_time":"2020-11-20T21:00:58+00:00","og_image":[{"url":"http:\/\/ndschaft.de\/wp-content\/uploads\/2020\/11\/65_160_AL_003.jpg"}],"twitter_card":"summary_large_image","twitter_misc":{"Gesch\u00e4tzte Lesezeit":"1 Minute"},"schema":{"@context":"https:\/\/schema.org","@graph":[{"@type":"WebPage","@id":"http:\/\/ndschaft.de\/100-2\/akademie-schloss-hohenkammer\/","url":"http:\/\/ndschaft.de\/100-2\/akademie-schloss-hohenkammer\/","name":"Akademie Schloss Hohenkammer - salm.l@ndschaft","isPartOf":{"@id":"https:\/\/ndschaft.de\/100-2\/#website"},"datePublished":"2020-11-19T15:32:43+00:00","dateModified":"2020-11-20T21:00:58+00:00","breadcrumb":{"@id":"http:\/\/ndschaft.de\/100-2\/akademie-schloss-hohenkammer\/#breadcrumb"},"inLanguage":"de-DE","potentialAction":[{"@type":"ReadAction","target":["http:\/\/ndschaft.de\/100-2\/akademie-schloss-hohenkammer\/"]}]},{"@type":"BreadcrumbList","@id":"http:\/\/ndschaft.de\/100-2\/akademie-schloss-hohenkammer\/#breadcrumb","itemListElement":[{"@type":"ListItem","position":1,"name":"Startseite","item":"https:\/\/ndschaft.de\/100-2\/"},{"@type":"ListItem","position":2,"name":"Akademie Schloss Hohenkammer"}]},{"@type":"WebSite","@id":"https:\/\/ndschaft.de\/100-2\/#website","url":"https:\/\/ndschaft.de\/100-2\/","name":"salm.l@ndschaft","description":"Landschaftsarchitektur und Stadtplanung","publisher":{"@id":"https:\/\/ndschaft.de\/100-2\/#organization"},"potentialAction":[{"@type":"SearchAction","target":{"@type":"EntryPoint","urlTemplate":"https:\/\/ndschaft.de\/100-2\/?s={search_term_string}"},"query-input":"required name=search_term_string"}],"inLanguage":"de-DE"},{"@type":"Organization","@id":"https:\/\/ndschaft.de\/100-2\/#organization","name":"salm.l@ndschaft.de","url":"https:\/\/ndschaft.de\/100-2\/","logo":{"@type":"ImageObject","inLanguage":"de-DE","@id":"https:\/\/ndschaft.de\/100-2\/#\/schema\/logo\/image\/","url":"","contentUrl":"","caption":"salm.l@ndschaft.de"},"image":{"@id":"https:\/\/ndschaft.de\/100-2\/#\/schema\/logo\/image\/"},"sameAs":["https:\/\/www.instagram.com\/herman_salm\/?hl=de","https:\/\/www.linkedin.com\/in\/herman-salm-a2796519","https:\/\/www.facebook.com\/Herman.Salm"]}]}},"_links":{"self":[{"href":"http:\/\/ndschaft.de\/100-2\/wp-json\/wp\/v2\/pages\/709"}],"collection":[{"href":"http:\/\/ndschaft.de\/100-2\/wp-json\/wp\/v2\/pages"}],"about":[{"href":"http:\/\/ndschaft.de\/100-2\/wp-json\/wp\/v2\/types\/page"}],"author":[{"embeddable":true,"href":"http:\/\/ndschaft.de\/100-2\/wp-json\/wp\/v2\/users\/1"}],"replies":[{"embeddable":true,"href":"http:\/\/ndschaft.de\/100-2\/wp-json\/wp\/v2\/comments?post=709"}],"version-history":[{"count":9,"href":"http:\/\/ndschaft.de\/100-2\/wp-json\/wp\/v2\/pages\/709\/revisions"}],"predecessor-version":[{"id":1093,"href":"http:\/\/ndschaft.de\/100-2\/wp-json\/wp\/v2\/pages\/709\/revisions\/1093"}],"wp:attachment":[{"href":"http:\/\/ndschaft.de\/100-2\/wp-json\/wp\/v2\/media?parent=709"}],"curies":[{"name":"wp","href":"https:\/\/api.w.org\/{rel}","templated":true}]}}