{"id":686,"date":"2020-11-20T12:07:31","date_gmt":"2020-11-20T12:07:31","guid":{"rendered":"http:\/\/ndschaft.de\/?page_id=686"},"modified":"2020-11-24T13:13:24","modified_gmt":"2020-11-24T13:13:24","slug":"lebenlauf","status":"publish","type":"page","link":"http:\/\/ndschaft.de\/100-2\/lebenlauf\/","title":{"rendered":"Lebenslauf"},"content":{"rendered":"\n<figure class=\"wp-block-image size-large\"><img decoding=\"async\" width=\"1024\" height=\"500\" src=\"http:\/\/ndschaft.de\/wp-content\/uploads\/2020\/11\/Foto-final-1024x500.jpg\" alt=\"\" class=\"wp-image-991\" srcset=\"http:\/\/ndschaft.de\/wp-content\/uploads\/2020\/11\/Foto-final-1024x500.jpg 1024w, http:\/\/ndschaft.de\/wp-content\/uploads\/2020\/11\/Foto-final-300x147.jpg 300w\" sizes=\"(max-width: 706px) 89vw, (max-width: 767px) 82vw, 740px\" \/><\/figure>\n\n\n\n<p class=\"has-text-align-left\" style=\"font-size:12px\">2012\u00a0\u00a0\u00a0\u00a0\u00a0\u00a0\u00a0\u00a0\u00a0\u00a0\u00a0\u00a0\u00a0\u00a0\u00a0\u00a0\u00a0\u00a0\u00a0\u00a0\u00a0\u00a0\u00a0\u00a0\u00a0\u00a0\u00a0 <strong>Herman Salm \u2013 Landschaftsarchitekt\/Stadtplaner<\/strong>  M\u00fcnchen<br>B\u00fcro neu Gr\u00fcndung <br>Arbeitgemeinschaft mit Landschaftsarchiteken Partner in M\u00fcnchen \/ Istanbul \/ Seoul <br><br>2008 \u2013 2012\u00a0\u00a0\u00a0\u00a0\u00a0\u00a0\u00a0\u00a0\u00a0\u00a0\u00a0\u00a0 <strong>Rainer Schmidt Landschaftsarchitekten GmbH<\/strong><br>M\u00fcnchen  &#8211; Berlin &#8211; Bernburg<br><br><strong>Gesch\u00e4ftsf\u00fchrer<\/strong> <br><strong>Projektauswahl:<\/strong><\/p>\n\n\n\n<p class=\"has-small-font-size\">F\u00fchrung von &#8222;Rainer Schmidt Landschaftsarchitekten GmbH &#8222;, einer der f\u00fchrenden und innovativsten Landschaftsarchitektenb\u00fcros Deutschlands mit Projekten weltweit.<\/p>\n\n\n\n<p class=\"has-small-font-size\">Akquisition, Verhandlung, Betreuung und Umsetzung von Projekten mit Schwerpunkt im Ausland.<\/p>\n\n\n\n<p class=\"has-small-font-size\"><strong>Projektl\u00e4nder:<\/strong> T\u00fcrkei, Katar, Saudi-Arabien, Vereinigte Arabische Emirate, Oman, Iran, Algerien und Kasachstan.<\/p>\n\n\n\n<p class=\"has-small-font-size\"><strong>Planungspartner:<\/strong><br>England, Vereinigte Staaten von Amerika, Niederlande, T\u00fcrkei und Iran<br>Auswahl:<br><strong>Murphy\/Jahn Inc.<\/strong> \u2013 Chicago\/Berlin\/Shanghai<br><strong>SOM &#8211; Skidmore Owings and Merrill<\/strong> \u2013 New York<br><strong>KPF- Kohn Pederson Fox<\/strong> \u2013 London\/New York<br><strong>PLP Architecture<\/strong> \u2013 London<br><strong>EAA: Emre Arolat<\/strong> &#8211; Istanbul<br><strong>KSP Engel Zimmerman<\/strong> Architekten \u2013 Frankfurt\/Berlin<br><strong>Nickl &amp;Partner <\/strong>\u00a0Architekten<strong> \u2013 <\/strong>M\u00fcnchen<strong><br>Auer + Weber <\/strong>Architekten<strong> \u2013 <\/strong>M\u00fcnchen\/Stuttgart<strong><br>WSI Werner Sobek Engineers<\/strong> \u2013 Stuttgart<br><strong>HWP Planungsgesellschaft<\/strong> &#8211; Stuttgart<br><strong>Transolar<\/strong> \u2013 Stuttgart\/M\u00fcnchen<br><strong>Obermeyer Planen und Beraten<\/strong> &#8211; M\u00fcnchen<br><strong>L-Plan<\/strong> &#8211; Berlin<\/p>\n\n\n\n<p class=\"has-small-font-size\"><strong>NJT Nanjing Tower, West of the River, <\/strong>Nanjing, China<br>Bauherr: Suning Inc<br>Architekt: Murphy\/Jahn, Chicago<br><br><strong>SIFC Shanghai International Finance Center, <\/strong>Shanghai China<br>Bauherr: Stock Exchange, Clearing Bank, Futures Exchange<br>Architekt: Murphy\/Jahn, Chicago<br><br><strong>NJD Nanjing Down Town \u2013 Hunan Rd., <\/strong>Nanjing, China<br>Bauherr: Suning Inc<br>Architekt: Murphy\/Jahn, Chicago<br><br><strong>DCCT Doha Convention Centre and Tower<\/strong>, Doha Katar<br>Bauherr: Qatari Diar<br>Architekt: Murphy\/Jahn, Chicago<br><br><strong>Afken: Ankara town planning and residential development<\/strong>, Ankara, T\u00fcrkei.<br>Bauherr: Afken Holding<br>Architekt: EAA &#8211; Emre Arolat<br><br><strong>Leatop Plaza:\u00a0 Commercial and Office tower<\/strong>, Guangzhou, China.<br>Bauherr: Leatop Development<br>Architekt: Murphy\/Jahn, Chicago<br><br><strong>Aerospace City, Flughafen und Universit\u00e4t, Doha Katar<\/strong><br>Bauherr: Qatar Petroleum, Qatar Foundation<br>Architekt: Kohn Pedersen Fox (KPF) New York\/London<br><br><strong>Jebel Ali B\u00fcro, Wohn-und Hotelanlage<\/strong>, Jebel Ali, Dubai<br>Bauherr: Limitless Ltd<br>Architekt: Murphy\/Jahn Chicago<br><br><strong>Cubuklu Wadi<\/strong>, Istanbul, T\u00fcrkei<br>Bauherr: Finanz Bank (FIBA), Y\u00fcksel Insaat<br>Architekt: EAA &#8211; Emre Arolat<br><br><strong>AI Rahji Medical University<\/strong>, AI Rahji, Saudi Arabien<br>Bauherr:<br>Architekt: HWP Planungsgesellschaft, Stuttgart<br><br><strong>Grand Moschee<\/strong>, Algier, Algerien<br>Bauherr: Anargema, Algier<br>Architekt: ARGE Krebs + Kiefer Ing., Darmstadt \/ KSP Engel Zimmermann, Frankfurt<br><br><strong>Innenstadt Park Sanierung, <\/strong>Shymkent, Kasachstan<br>Bauherr: Stadtverwaltung Shymkent \u00fcber KasGerStroi<br><br><strong>M\u00fclldeponie Sanierung, <\/strong>Shymkent, Kasachstan<br>Bauherr: Stadtverwaltung Shymkent \u00fcber KasGerStroi<\/p>\n\n\n\n<p class=\"has-small-font-size\"><strong>Presidenten Park, <\/strong>Astana, Kasachstan<br>Bauherr: Pr\u00e4sident \u00fcber KasGerStroi<br><br><strong>Kuwait University<\/strong>, Kuwait City<br>Architekt: Sidmore Owings Merrill (SOM) Pr\u00e4sidenten Park Astana,<\/p>\n\n\n\n<p class=\"has-small-font-size\"><strong>Regenbogen Park, <\/strong>Astana, Kasachstan<br>Bauherr: Pr\u00e4sident \u00fcber KasGerStroi<br><strong><br>Shandiz Touristen und Siedlungsplannug<\/strong>, Mashad, Iran<br>Bauherr: Bauherr: Mr. Javad Shahrestani (ex_Burgermeister Tehran)<br>Architekt: IAMCC Dr. Reza Helforoush<br><strong><br>Green Oasis Wadi AI Dawasir<\/strong>, Stadtentwicklungskonzept, Saudi Arabien<br>Bauherr: Ayers Development Group<br>Architekt: MUDI \/ HWP Planungsgesellschaft mbH<\/p>\n\n\n\n<p class=\"has-small-font-size\"><strong>M\u00fclldeponie Sanierung, <\/strong>Shymkent, Kasachstan<br>Bauherr: Stadtverwaltung Shymkent \u00fcber KasGerStroi<br><br><strong>Presidenten Park, <\/strong>Astana, Kasachstan<br>Bauherr: Pr\u00e4sident \u00fcber KasGerStroi<\/p>\n\n\n\n<p class=\"has-small-font-size\"><strong>M\u00fclldeponie Sanierung, <\/strong>Shymkent, Kasachstan<br>Bauherr: Stadtverwaltung Shymkent \u00fcber KasGerStroi<br><br><strong>Presidenten Park, <\/strong>Astana, Kasachstan<br>Bauherr: Pr\u00e4sident \u00fcber KasGerStroi<br><strong>Kuwait University<\/strong>, Kuwait City<br>Architekt: Sidmore Owings Merrill (SOM) Pr\u00e4sidenten Park Astana,<br><br><strong>Regenbogen Park, <\/strong>Astana, Kasachstan<br>Bauherr: Pr\u00e4sident \u00fcber KasGerStroi<br><strong><br>Shandiz Touristen und Siedlungsplannug<\/strong>, Mashad, Iran<br>Bauherr: Bauherr: Mr. Javad Shahrestani (ex_Burgermeister Tehran)<br>Architekt: IAMCC Dr. Reza Helforoush<br><strong><br>Green Oasis Wadi AI Dawasir<\/strong>, Stadtentwicklungskonzept, Saudi Arabien<br>Bauherr: Ayers Development Group<br>Architekt: MUDI \/ HWP Planungsgesellschaft mbH<\/p>\n\n\n\n<figure class=\"wp-block-image size-large\"><img decoding=\"async\" width=\"2000\" height=\"1125\" src=\"http:\/\/ndschaft.de\/wp-content\/uploads\/2020\/11\/Graphic_010-e1605782794441.jpg\" alt=\"\" class=\"wp-image-688\"\/><\/figure>\n\n\n\n<p class=\"has-small-font-size\">2005 \u2013 2008&nbsp;&nbsp;&nbsp;&nbsp;&nbsp;&nbsp;&nbsp;&nbsp;&nbsp;&nbsp;&nbsp;&nbsp;&nbsp; <strong>Rainer Schmidt Landschaftsarchitekten <\/strong>M\u00fcnchen &#8211; Berlin \u2013 Bernburg<br>Freiberuflicher B\u00fcroleiter und Stellvertretender Gesch\u00e4ftsleitung<br><br>\u2022&nbsp;&nbsp; Leitung&nbsp; und&nbsp; F\u00fchrung des&nbsp; B\u00fcros&nbsp; Rainer Schmidt Landschaftsarchitekten, M\u00fcnchen.<\/p>\n\n\n\n<p class=\"has-small-font-size\">1998 &#8211; 2005&nbsp;&nbsp;&nbsp;&nbsp;&nbsp;&nbsp;&nbsp;&nbsp;&nbsp;&nbsp;&nbsp;&nbsp;&nbsp; <strong>Rainer Schmidt Landschaftsarchitekt<\/strong>&nbsp;&nbsp;&nbsp; M\u00fcnchen &#8211; Berlin &#8211; Bernburg<br>Freiemitarbeiter \/ Projektleiter<br><br>\u2022&nbsp;&nbsp; Unterst\u00fctzung bei Planung und Betreuung von Projekten in Zusammenarbeit mit ausl\u00e4ndischen Planungspartnern und Bauherren.<br>\u2022&nbsp;&nbsp; Vertretung von Rainer Schmidt bei gesch\u00e4ftlichen und \u00f6ffentlichen Terminen.<br>\u2022&nbsp;&nbsp; Eigenst\u00e4ndige Projektbetreuung und -abwicklung<br>Projektauswahl:<br><strong>Munich Highlight Towers<\/strong>, Parkstadt Schwabing, M\u00fcnchen<br>Bauherr: Langenscheidt \/<br>Architekt: Murphy\/Jahn, Chicago<br><strong><br>Katar Sports Center<\/strong>, Asian Games 2007<br>Bauherr: Sports and Education Ministerium Doha, Katar<br>Architekt: Obermeyer Planen und Bauen Gesellschaft.<strong><br><br>BUGA<\/strong>, M\u00fcnchen Riem<br>Bauherr BUGA Gesellschaft (Detail Arbeit)<br><strong><br>Infineon Campus<\/strong>, Unterhaching<br>Bauherr: Siemens AG (Detail Arbeit)<\/p>\n\n\n\n<p class=\"has-small-font-size\">Diverse Wettbewerbsbeitr\u00e4ge in China:<br><strong>Hangzhou City Center Redevelopment<br>Suzohu Bahnhof <\/strong>Sanierung<br><strong>Olympische Spiele <\/strong>Beijing<br><strong>Pudong Residential and Business Park<br>Cixi River Sanierung <\/strong>Stadt Cixi<strong><br>Shanghai Expo Gel\u00e4nde <\/strong>Shanghai \/ Pudong<br><br><\/p>\n\n\n\n<figure class=\"wp-block-image size-large is-resized\"><img decoding=\"async\" src=\"http:\/\/ndschaft.de\/wp-content\/uploads\/2020\/11\/9Graphic_018_red.jpg\" alt=\"\" class=\"wp-image-691\" width=\"673\" height=\"379\" srcset=\"http:\/\/ndschaft.de\/wp-content\/uploads\/2020\/11\/9Graphic_018_red.jpg 576w, http:\/\/ndschaft.de\/wp-content\/uploads\/2020\/11\/9Graphic_018_red-300x169.jpg 300w\" sizes=\"(max-width: 673px) 100vw, 673px\" \/><\/figure>\n\n\n\n<p class=\"has-small-font-size\">1998-2008&nbsp;&nbsp;&nbsp;&nbsp;&nbsp;&nbsp;&nbsp;&nbsp;&nbsp;&nbsp;&nbsp;&nbsp; &nbsp; <strong>salm.l@ndschaft.de<\/strong>&nbsp;&nbsp;&nbsp;&nbsp; M\u00fcnchen<br>Freischaffender Landschaftsarchitekt<\/p>\n\n\n\n<p class=\"has-small-font-size\">\u2022\u00a0\u00a0 Planung und Betreuung von Landschaftsgestaltungen in Deutschland und im Ausland mit bis zu 3 Mitarbeitern.<br>\u2022\u00a0\u00a0 Projektauswahl: Spektrum von Hausg\u00e4rten und kleineren Wohnanlagen in und um M\u00fcnchen bis zur st\u00e4dtebaulichen Planung.<br>\u2022\u00a0\u00a0 F\u00fchrung von 3 Angestellten<br><br><strong>Projektauswahl:<\/strong><br><strong><br>Kindergartentagesst\u00e4tte Senftenauerstr<\/strong>. M\u00fcnchen Hadern<br>Bauherr: Schulreferat Landeshauptstadt M\u00fcnchen<br>Architekt: Michael Braun und Partner, M\u00fcnchen<br><strong><br>Ritter GmbH Wohnanlagen<\/strong> Oberhaching<br>Bauherr: Ritter Bautr\u00e4ger GmbH<br>Architekt: Wolfgang Jammernegg, M\u00fcnchen<\/p>\n\n\n\n<p class=\"has-small-font-size\">1994 -1998&nbsp;&nbsp;&nbsp;&nbsp;&nbsp;&nbsp;&nbsp;&nbsp;&nbsp;&nbsp;&nbsp;&nbsp;&nbsp;&nbsp; <strong>Roos Salm Marzog GbR<\/strong>&nbsp;&nbsp;&nbsp;&nbsp; M\u00fcnchen\/Bamberg<br>&nbsp;Arbeitsgemeinschaft als Landschaftsarchitekten<\/p>\n\n\n\n<p class=\"has-small-font-size\">\u2022&nbsp;&nbsp; Gemeinschaftliche Akquisition und Umsetzung von Landschaftsgestaltungen im&nbsp;&nbsp; Gro\u00dfraum&nbsp;&nbsp; M\u00fcnchen&nbsp;&nbsp; sowie&nbsp;&nbsp; Mittelfranken&nbsp;&nbsp; f\u00fcr&nbsp; private&nbsp;&nbsp; und&nbsp;&nbsp; \u00f6ffentliche Auftraggeber.<br>\u2022&nbsp;&nbsp; F\u00fchrung von bis zu 5 Freiberuflichem Mitarbeitern.<br><br>Projektauswahl:<br><strong><br>Tertianum Senioren Residenz<\/strong>, Klenze Str. M\u00fcnchen<br>Bauherr: Tertianum Entwicklungsgesellschaft zusammen mit<br>Moll Areal GmbH<br>Architekt: Hilmer und Sattler, M\u00fcnchen<br><strong><br>AUDI\/VW Fabrik<\/strong>, Curitiba, Brasilien<br>Bauherr: AUDI AG<br>Architekt: Schmidthuber und Partner \/ Henn Architekten M\u00fcnchen<br><strong><br>Schulungsakademie Schlo\u00df Hohenkammer<\/strong>, Hohenkammer<br>Bauherr: DG Bank<br>Architekt. Michael Braun und Partner M\u00fcnchen<\/p>\n\n\n\n<p class=\"has-small-font-size\">1992 &#8211; 1993&nbsp;&nbsp;&nbsp;&nbsp;&nbsp;&nbsp;&nbsp; &nbsp;&nbsp;&nbsp;&nbsp;&nbsp; <strong>Planungsgruppe Prof. Rainer Schmidt, <\/strong>M\u00fcnchen<br>(Gr\u00fcndungsmitglied) Projektleiter<\/p>\n\n\n\n<p class=\"has-small-font-size\">\u2022&nbsp;&nbsp; Akquistion und Umsetzung von Landschaftsgestaltungen im den Gro\u00dfr\u00e4umen M\u00fcnchen und Berlin f\u00fcr private und \u00f6ffentliche Auftraggeber.<br>\u2022&nbsp;&nbsp; F\u00fchrung von bis zu 5 Freiberuflichem Mitarbeitern.<br>\u2022&nbsp;&nbsp; Die Umstellung von Handzeichnen auf CAD mit EDV und AVA.<br>\u2022&nbsp;&nbsp; Projektauswahl:<br><strong>Kempinski Hotel<\/strong> , Flughafen M\u00fcnchen<br>Architekt: Murphy\/Jahn, Chicago<br><strong>MAC, Munich Airport Center<\/strong>, Flughafen M\u00fcnchen<br>Architekt: Murphy\/Jahn, Chicago<br><strong>Wohnanlage Berlin Sch\u00f6nefeld<\/strong><br>Architekt: Lenz Lehmann Lachawitz, M\u00fcnchen<\/p>\n\n\n\n<p class=\"has-small-font-size\">1991&nbsp;&nbsp;&nbsp;&nbsp;&nbsp;&nbsp;&nbsp;&nbsp;&nbsp;&nbsp;&nbsp;&nbsp;&nbsp;&nbsp;&nbsp;&nbsp;&nbsp;&nbsp;&nbsp;&nbsp;&nbsp;&nbsp;&nbsp;&nbsp; <strong>Ecosystems<\/strong>, Landschaftsarchitekten + \u00d6kologen, Darwin, Australien<br>Freie Mitarbeiter \/ Projektleiter<\/p>\n\n\n\n<p class=\"has-small-font-size\">\u2022\u00a0\u00a0 F\u00fchrung bei der Planung und Betreuung von Projekten.<br>\u2022\u00a0\u00a0 Projektauswahl:<br><strong>Berry Springs National Park<\/strong>, Northern Territory Australien<br><strong>Seven Spirit Bay<\/strong> \u00d6ko-Hotelanlagen (Detail) Arhnem Land NT, Australien<br><strong>Stuart Highway<\/strong> (75km) Bundesstrasse Darwin, NT Australien<br><strong>Neue Botanischen Garten<\/strong> Gestaltungs- und Ausstellungskonzept, Darwin<\/p>\n\n\n\n<p class=\"has-small-font-size\">1986 &#8211; 1990&nbsp;&nbsp;&nbsp;&nbsp;&nbsp;&nbsp;&nbsp;&nbsp; &nbsp;&nbsp;&nbsp; <strong>Gottfried Hansjakob Landschaftsarchitekten,<\/strong>&nbsp; M\u00fcnchen<br>Angestellter Landschaftsarchitekt<\/p>\n\n\n\n<p class=\"has-small-font-size\">\u2022&nbsp;&nbsp; Ausarbeitung von Entwurfsideen und Erstellung von Ausf\u00fchrungspl\u00e4nen<br>\u2022&nbsp;&nbsp; Projektauswahl:<br><strong>Bayerische Staatskanzlei<\/strong>, M\u00fcnchen Flughafen M\u00fcnchen (FMG), Hallbergmoos <strong>Wohngebiet Heidemann Strasse<\/strong> (GBW Ag), M\u00fcnchen<br><strong>Klinikum Rechts der Isar<\/strong> (Universit\u00e4ts-Bauamt), M\u00fcnchen<\/p>\n\n\n\n<p class=\"has-small-font-size\">1984-1985&nbsp;&nbsp;&nbsp;&nbsp;&nbsp;&nbsp;&nbsp;&nbsp;&nbsp;&nbsp;&nbsp;&nbsp;&nbsp;&nbsp;&nbsp;&nbsp; <strong>Lester Firth and Associates<\/strong>, Canberra, Sydney<br>Architects, Landscape Arch. + Town Planers<br>Landschaftsarchitekt, als Absolvent<\/p>\n\n\n\n<p class=\"has-small-font-size\">1983-1984&nbsp;&nbsp;&nbsp;&nbsp;&nbsp;&nbsp;&nbsp;&nbsp;&nbsp;&nbsp;&nbsp;&nbsp;&nbsp;&nbsp;&nbsp;&nbsp; <strong>Denton Corker Marshall,<\/strong> Melbourne, Canberra, Hong-Kong, London<br>Architects, Landscape Arch. + Town Planer<br>Landschaftsarchitekt, als Absolvent<\/p>\n\n\n\n<p class=\"has-small-font-size\"><strong>Ausbildung<\/strong><\/p>\n\n\n\n<p class=\"has-small-font-size\">1980-1983 &nbsp;&nbsp;&nbsp;&nbsp;&nbsp;&nbsp;&nbsp;&nbsp;&nbsp;&nbsp;&nbsp;&nbsp;&nbsp;&nbsp; Canberra College of Advanced Education ,Canberra, Australien<br>\u2022&nbsp;&nbsp; Bachelor of Applied Science<br>\u2022&nbsp;&nbsp; Bachelor of Landscsape Architecture<br>(Auszeichnung von Australian Institute Landscape&nbsp; Architects Student Award)<\/p>\n\n\n\n<p class=\"has-small-font-size\">1975-1979&nbsp;&nbsp;&nbsp;&nbsp;&nbsp;&nbsp;&nbsp;&nbsp;&nbsp;&nbsp;&nbsp;&nbsp;&nbsp;&nbsp;&nbsp;&nbsp; St. Joseph&#8217;s College, Nudgee&nbsp; Senior,&nbsp; Brisbane Queensland, Australien<br>Internat Schule (Gymnasium)<\/p>\n\n\n\n<p class=\"has-small-font-size\"><strong>Fortbildungen<br><\/strong>1994&nbsp;&nbsp;&nbsp;&nbsp;&nbsp;&nbsp;&nbsp;&nbsp;&nbsp;&nbsp;&nbsp;&nbsp;&nbsp;&nbsp;&nbsp; CAD Schulung IHK, M\u00fcnchen<br>1992&nbsp;&nbsp;&nbsp;&nbsp;&nbsp;&nbsp;&nbsp;&nbsp;&nbsp;&nbsp;&nbsp;&nbsp;&nbsp;&nbsp;&nbsp; Computer Anwendung im Bauwesen, M\u00fcnchen<br>1979&nbsp;&nbsp;&nbsp;&nbsp;&nbsp;&nbsp;&nbsp;&nbsp;&nbsp;&nbsp;&nbsp;&nbsp;&nbsp;&nbsp;&nbsp; <em>Outward Bound<\/em> Course, Canberra, Australien<\/p>\n\n\n\n<p class=\"has-small-font-size\"><strong>Mitgliedschaft<br><\/strong>Eintragung in der Bayerischen Architekten-Kammer als<br>\u2022&nbsp;&nbsp; Landschaftsarchitekt<br>\u2022&nbsp;&nbsp; Stadtplaner<strong><\/strong><\/p>\n","protected":false},"excerpt":{"rendered":"<p>2012\u00a0\u00a0\u00a0\u00a0\u00a0\u00a0\u00a0\u00a0\u00a0\u00a0\u00a0\u00a0\u00a0\u00a0\u00a0\u00a0\u00a0\u00a0\u00a0\u00a0\u00a0\u00a0\u00a0\u00a0\u00a0\u00a0\u00a0 Herman Salm \u2013 Landschaftsarchitekt\/Stadtplaner M\u00fcnchenB\u00fcro neu Gr\u00fcndung Arbeitgemeinschaft mit Landschaftsarchiteken Partner in M\u00fcnchen \/ Istanbul \/ Seoul 2008 \u2013 2012\u00a0\u00a0\u00a0\u00a0\u00a0\u00a0\u00a0\u00a0\u00a0\u00a0\u00a0\u00a0 Rainer Schmidt Landschaftsarchitekten GmbHM\u00fcnchen &#8211; Berlin &#8211; Bernburg Gesch\u00e4ftsf\u00fchrer Projektauswahl: F\u00fchrung von &#8222;Rainer Schmidt Landschaftsarchitekten GmbH &#8222;, einer der f\u00fchrenden und innovativsten Landschaftsarchitektenb\u00fcros Deutschlands mit Projekten weltweit. Akquisition, Verhandlung, Betreuung und Umsetzung von Projekten &hellip; <\/p>\n<p class=\"link-more\"><a href=\"http:\/\/ndschaft.de\/100-2\/lebenlauf\/\" class=\"more-link\"><span class=\"screen-reader-text\">\u201eLebenslauf\u201c<\/span> weiterlesen<\/a><\/p>\n","protected":false},"author":1,"featured_media":0,"parent":0,"menu_order":0,"comment_status":"closed","ping_status":"closed","template":"","meta":[],"yoast_head":"<!-- This site is optimized with the Yoast SEO plugin v19.14 - https:\/\/yoast.com\/wordpress\/plugins\/seo\/ -->\n<title>Lebenslauf - salm.l@ndschaft<\/title>\n<meta name=\"robots\" content=\"index, follow, max-snippet:-1, max-image-preview:large, max-video-preview:-1\" \/>\n<link rel=\"canonical\" href=\"https:\/\/ndschaft.de\/100-2\/lebenlauf\/\" \/>\n<meta property=\"og:locale\" content=\"de_DE\" \/>\n<meta property=\"og:type\" content=\"article\" \/>\n<meta property=\"og:title\" content=\"Lebenslauf - salm.l@ndschaft\" \/>\n<meta property=\"og:description\" content=\"2012\u00a0\u00a0\u00a0\u00a0\u00a0\u00a0\u00a0\u00a0\u00a0\u00a0\u00a0\u00a0\u00a0\u00a0\u00a0\u00a0\u00a0\u00a0\u00a0\u00a0\u00a0\u00a0\u00a0\u00a0\u00a0\u00a0\u00a0 Herman Salm \u2013 Landschaftsarchitekt\/Stadtplaner M\u00fcnchenB\u00fcro neu Gr\u00fcndung Arbeitgemeinschaft mit Landschaftsarchiteken Partner in M\u00fcnchen \/ Istanbul \/ Seoul 2008 \u2013 2012\u00a0\u00a0\u00a0\u00a0\u00a0\u00a0\u00a0\u00a0\u00a0\u00a0\u00a0\u00a0 Rainer Schmidt Landschaftsarchitekten GmbHM\u00fcnchen &#8211; Berlin &#8211; Bernburg Gesch\u00e4ftsf\u00fchrer Projektauswahl: F\u00fchrung von &#8222;Rainer Schmidt Landschaftsarchitekten GmbH &#8222;, einer der f\u00fchrenden und innovativsten Landschaftsarchitektenb\u00fcros Deutschlands mit Projekten weltweit. Akquisition, Verhandlung, Betreuung und Umsetzung von Projekten &hellip; \u201eLebenslauf\u201c weiterlesen\" \/>\n<meta property=\"og:url\" content=\"https:\/\/ndschaft.de\/100-2\/lebenlauf\/\" \/>\n<meta property=\"og:site_name\" content=\"salm.l@ndschaft\" \/>\n<meta property=\"article:publisher\" content=\"https:\/\/www.facebook.com\/Herman.Salm\" \/>\n<meta property=\"article:modified_time\" content=\"2020-11-24T13:13:24+00:00\" \/>\n<meta property=\"og:image\" content=\"http:\/\/ndschaft.de\/wp-content\/uploads\/2020\/11\/Foto-final-1024x500.jpg\" \/>\n<meta name=\"twitter:card\" content=\"summary_large_image\" \/>\n<meta name=\"twitter:label1\" content=\"Gesch\u00e4tzte Lesezeit\" \/>\n\t<meta name=\"twitter:data1\" content=\"6 Minuten\" \/>\n<script type=\"application\/ld+json\" class=\"yoast-schema-graph\">{\"@context\":\"https:\/\/schema.org\",\"@graph\":[{\"@type\":\"WebPage\",\"@id\":\"https:\/\/ndschaft.de\/100-2\/lebenlauf\/\",\"url\":\"https:\/\/ndschaft.de\/100-2\/lebenlauf\/\",\"name\":\"Lebenslauf - salm.l@ndschaft\",\"isPartOf\":{\"@id\":\"https:\/\/ndschaft.de\/100-2\/#website\"},\"datePublished\":\"2020-11-20T12:07:31+00:00\",\"dateModified\":\"2020-11-24T13:13:24+00:00\",\"breadcrumb\":{\"@id\":\"https:\/\/ndschaft.de\/100-2\/lebenlauf\/#breadcrumb\"},\"inLanguage\":\"de-DE\",\"potentialAction\":[{\"@type\":\"ReadAction\",\"target\":[\"https:\/\/ndschaft.de\/100-2\/lebenlauf\/\"]}]},{\"@type\":\"BreadcrumbList\",\"@id\":\"https:\/\/ndschaft.de\/100-2\/lebenlauf\/#breadcrumb\",\"itemListElement\":[{\"@type\":\"ListItem\",\"position\":1,\"name\":\"Startseite\",\"item\":\"https:\/\/ndschaft.de\/100-2\/\"},{\"@type\":\"ListItem\",\"position\":2,\"name\":\"Lebenslauf\"}]},{\"@type\":\"WebSite\",\"@id\":\"https:\/\/ndschaft.de\/100-2\/#website\",\"url\":\"https:\/\/ndschaft.de\/100-2\/\",\"name\":\"salm.l@ndschaft\",\"description\":\"Landschaftsarchitektur und Stadtplanung\",\"publisher\":{\"@id\":\"https:\/\/ndschaft.de\/100-2\/#organization\"},\"potentialAction\":[{\"@type\":\"SearchAction\",\"target\":{\"@type\":\"EntryPoint\",\"urlTemplate\":\"https:\/\/ndschaft.de\/100-2\/?s={search_term_string}\"},\"query-input\":\"required name=search_term_string\"}],\"inLanguage\":\"de-DE\"},{\"@type\":\"Organization\",\"@id\":\"https:\/\/ndschaft.de\/100-2\/#organization\",\"name\":\"salm.l@ndschaft.de\",\"url\":\"https:\/\/ndschaft.de\/100-2\/\",\"logo\":{\"@type\":\"ImageObject\",\"inLanguage\":\"de-DE\",\"@id\":\"https:\/\/ndschaft.de\/100-2\/#\/schema\/logo\/image\/\",\"url\":\"\",\"contentUrl\":\"\",\"caption\":\"salm.l@ndschaft.de\"},\"image\":{\"@id\":\"https:\/\/ndschaft.de\/100-2\/#\/schema\/logo\/image\/\"},\"sameAs\":[\"https:\/\/www.instagram.com\/herman_salm\/?hl=de\",\"https:\/\/www.linkedin.com\/in\/herman-salm-a2796519\",\"https:\/\/www.facebook.com\/Herman.Salm\"]}]}<\/script>\n<!-- \/ Yoast SEO plugin. -->","yoast_head_json":{"title":"Lebenslauf - salm.l@ndschaft","robots":{"index":"index","follow":"follow","max-snippet":"max-snippet:-1","max-image-preview":"max-image-preview:large","max-video-preview":"max-video-preview:-1"},"canonical":"https:\/\/ndschaft.de\/100-2\/lebenlauf\/","og_locale":"de_DE","og_type":"article","og_title":"Lebenslauf - salm.l@ndschaft","og_description":"2012\u00a0\u00a0\u00a0\u00a0\u00a0\u00a0\u00a0\u00a0\u00a0\u00a0\u00a0\u00a0\u00a0\u00a0\u00a0\u00a0\u00a0\u00a0\u00a0\u00a0\u00a0\u00a0\u00a0\u00a0\u00a0\u00a0\u00a0 Herman Salm \u2013 Landschaftsarchitekt\/Stadtplaner M\u00fcnchenB\u00fcro neu Gr\u00fcndung Arbeitgemeinschaft mit Landschaftsarchiteken Partner in M\u00fcnchen \/ Istanbul \/ Seoul 2008 \u2013 2012\u00a0\u00a0\u00a0\u00a0\u00a0\u00a0\u00a0\u00a0\u00a0\u00a0\u00a0\u00a0 Rainer Schmidt Landschaftsarchitekten GmbHM\u00fcnchen &#8211; Berlin &#8211; Bernburg Gesch\u00e4ftsf\u00fchrer Projektauswahl: F\u00fchrung von &#8222;Rainer Schmidt Landschaftsarchitekten GmbH &#8222;, einer der f\u00fchrenden und innovativsten Landschaftsarchitektenb\u00fcros Deutschlands mit Projekten weltweit. Akquisition, Verhandlung, Betreuung und Umsetzung von Projekten &hellip; \u201eLebenslauf\u201c weiterlesen","og_url":"https:\/\/ndschaft.de\/100-2\/lebenlauf\/","og_site_name":"salm.l@ndschaft","article_publisher":"https:\/\/www.facebook.com\/Herman.Salm","article_modified_time":"2020-11-24T13:13:24+00:00","og_image":[{"url":"http:\/\/ndschaft.de\/wp-content\/uploads\/2020\/11\/Foto-final-1024x500.jpg"}],"twitter_card":"summary_large_image","twitter_misc":{"Gesch\u00e4tzte Lesezeit":"6 Minuten"},"schema":{"@context":"https:\/\/schema.org","@graph":[{"@type":"WebPage","@id":"https:\/\/ndschaft.de\/100-2\/lebenlauf\/","url":"https:\/\/ndschaft.de\/100-2\/lebenlauf\/","name":"Lebenslauf - salm.l@ndschaft","isPartOf":{"@id":"https:\/\/ndschaft.de\/100-2\/#website"},"datePublished":"2020-11-20T12:07:31+00:00","dateModified":"2020-11-24T13:13:24+00:00","breadcrumb":{"@id":"https:\/\/ndschaft.de\/100-2\/lebenlauf\/#breadcrumb"},"inLanguage":"de-DE","potentialAction":[{"@type":"ReadAction","target":["https:\/\/ndschaft.de\/100-2\/lebenlauf\/"]}]},{"@type":"BreadcrumbList","@id":"https:\/\/ndschaft.de\/100-2\/lebenlauf\/#breadcrumb","itemListElement":[{"@type":"ListItem","position":1,"name":"Startseite","item":"https:\/\/ndschaft.de\/100-2\/"},{"@type":"ListItem","position":2,"name":"Lebenslauf"}]},{"@type":"WebSite","@id":"https:\/\/ndschaft.de\/100-2\/#website","url":"https:\/\/ndschaft.de\/100-2\/","name":"salm.l@ndschaft","description":"Landschaftsarchitektur und Stadtplanung","publisher":{"@id":"https:\/\/ndschaft.de\/100-2\/#organization"},"potentialAction":[{"@type":"SearchAction","target":{"@type":"EntryPoint","urlTemplate":"https:\/\/ndschaft.de\/100-2\/?s={search_term_string}"},"query-input":"required name=search_term_string"}],"inLanguage":"de-DE"},{"@type":"Organization","@id":"https:\/\/ndschaft.de\/100-2\/#organization","name":"salm.l@ndschaft.de","url":"https:\/\/ndschaft.de\/100-2\/","logo":{"@type":"ImageObject","inLanguage":"de-DE","@id":"https:\/\/ndschaft.de\/100-2\/#\/schema\/logo\/image\/","url":"","contentUrl":"","caption":"salm.l@ndschaft.de"},"image":{"@id":"https:\/\/ndschaft.de\/100-2\/#\/schema\/logo\/image\/"},"sameAs":["https:\/\/www.instagram.com\/herman_salm\/?hl=de","https:\/\/www.linkedin.com\/in\/herman-salm-a2796519","https:\/\/www.facebook.com\/Herman.Salm"]}]}},"_links":{"self":[{"href":"http:\/\/ndschaft.de\/100-2\/wp-json\/wp\/v2\/pages\/686"}],"collection":[{"href":"http:\/\/ndschaft.de\/100-2\/wp-json\/wp\/v2\/pages"}],"about":[{"href":"http:\/\/ndschaft.de\/100-2\/wp-json\/wp\/v2\/types\/page"}],"author":[{"embeddable":true,"href":"http:\/\/ndschaft.de\/100-2\/wp-json\/wp\/v2\/users\/1"}],"replies":[{"embeddable":true,"href":"http:\/\/ndschaft.de\/100-2\/wp-json\/wp\/v2\/comments?post=686"}],"version-history":[{"count":8,"href":"http:\/\/ndschaft.de\/100-2\/wp-json\/wp\/v2\/pages\/686\/revisions"}],"predecessor-version":[{"id":1159,"href":"http:\/\/ndschaft.de\/100-2\/wp-json\/wp\/v2\/pages\/686\/revisions\/1159"}],"wp:attachment":[{"href":"http:\/\/ndschaft.de\/100-2\/wp-json\/wp\/v2\/media?parent=686"}],"curies":[{"name":"wp","href":"https:\/\/api.w.org\/{rel}","templated":true}]}}